{"id":68438,"date":"2024-07-30T23:36:28","date_gmt":"2024-07-30T21:36:28","guid":{"rendered":"https:\/\/ipo.lukasiewicz.gov.pl\/accessibility\/"},"modified":"2025-09-30T07:37:01","modified_gmt":"2025-09-30T05:37:01","slug":"accessibility","status":"publish","type":"page","link":"https:\/\/ipo.lukasiewicz.gov.pl\/en\/accessibility\/","title":{"rendered":"Accessibility"},"content":{"rendered":"\t\t<div data-elementor-type=\"wp-page\" data-elementor-id=\"68438\" class=\"elementor elementor-68438 elementor-61927\" data-elementor-post-type=\"page\">\n\t\t\t\t\t\t<section class=\"elementor-section elementor-top-section elementor-element elementor-element-6254043 elementor-section-boxed elementor-section-height-default elementor-section-height-default\" data-id=\"6254043\" data-element_type=\"section\" data-e-type=\"section\">\n\t\t\t\t\t\t<div class=\"elementor-container elementor-column-gap-default\">\n\t\t\t\t\t<div class=\"elementor-column elementor-col-100 elementor-top-column elementor-element elementor-element-cb99db8\" data-id=\"cb99db8\" data-element_type=\"column\" data-e-type=\"column\">\n\t\t\t<div class=\"elementor-widget-wrap elementor-element-populated\">\n\t\t\t\t\t\t<div class=\"elementor-element elementor-element-a30baf5 elementor-widget elementor-widget-heading\" data-id=\"a30baf5\" data-element_type=\"widget\" data-e-type=\"widget\" data-widget_type=\"heading.default\">\n\t\t\t\t<div class=\"elementor-widget-container\">\n\t\t\t\t\t<h2 class=\"elementor-heading-title elementor-size-default\">Declaration of digital accessibility - statement on accessibility<\/h2>\t\t\t\t<\/div>\n\t\t\t\t<\/div>\n\t\t\t\t<div class=\"elementor-element elementor-element-b939bc0 elementor-widget elementor-widget-text-editor\" data-id=\"b939bc0\" data-element_type=\"widget\" data-e-type=\"widget\" data-widget_type=\"text-editor.default\">\n\t\t\t\t<div class=\"elementor-widget-container\">\n\t\t\t\t\t\t\t\t\t<p>The Lukasiewicz Research Network &#8211; Organic Industry Institute undertakes to ensure the accessibility of its website in accordance with the Law of April 4, 2019 on Digital Accessibility of Websites and Mobile Applications of Public Entities. The statement on accessibility applies to the website of the Research Network Lukasiewicz &#8211; Institute of Organic Industry. Website address: <a href=\"https:\/\/ipo.lukasiewicz.gov.pl\/en\/\">https:\/\/ipo.lukasiewicz.gov.pl<\/a><br>   <\/p>\t\t\t\t\t\t\t\t<\/div>\n\t\t\t\t<\/div>\n\t\t\t\t<div class=\"elementor-element elementor-element-2f0eeef elementor-widget elementor-widget-heading\" data-id=\"2f0eeef\" data-element_type=\"widget\" data-e-type=\"widget\" data-widget_type=\"heading.default\">\n\t\t\t\t<div class=\"elementor-widget-container\">\n\t\t\t\t\t<h2 class=\"elementor-heading-title elementor-size-default\">Status in terms of compliance with the Law<\/h2>\t\t\t\t<\/div>\n\t\t\t\t<\/div>\n\t\t\t\t<div class=\"elementor-element elementor-element-aaa0199 elementor-widget elementor-widget-text-editor\" data-id=\"aaa0199\" data-element_type=\"widget\" data-e-type=\"widget\" data-widget_type=\"text-editor.default\">\n\t\t\t\t<div class=\"elementor-widget-container\">\n\t\t\t\t\t\t\t\t\t<p>The website is not in compliance with the Law of April 4, 2019 on digital accessibility of websites and mobile applications of public entities due to the incompatibilities listed below: <\/p><ul><li>Some of the content on the website, including illustrations, does not contain digitally accessible alternative content;<\/li><li>Content and user interface elements on the website have insufficient graphic contrast to the background;<\/li><li>There are no additional shortcuts defined on the website to navigate to specific subpages. Standard browser keyboard shortcuts such as TAB, SHIFT+TAB (move to next \/ previous item) may not work properly on some subpages or not at all; <\/li><li>User interface elements such as the main menu buttons are not operable by keyboard only;<\/li><\/ul>\t\t\t\t\t\t\t\t<\/div>\n\t\t\t\t<\/div>\n\t\t\t\t<div class=\"elementor-element elementor-element-2bdf1e3 elementor-widget elementor-widget-heading\" data-id=\"2bdf1e3\" data-element_type=\"widget\" data-e-type=\"widget\" data-widget_type=\"heading.default\">\n\t\t\t\t<div class=\"elementor-widget-container\">\n\t\t\t\t\t<h2 class=\"elementor-heading-title elementor-size-default\">Date of the declaration and method of evaluation of digital accessibility<\/h2>\t\t\t\t<\/div>\n\t\t\t\t<\/div>\n\t\t\t\t<div class=\"elementor-element elementor-element-057e534 elementor-widget elementor-widget-text-editor\" data-id=\"057e534\" data-element_type=\"widget\" data-e-type=\"widget\" data-widget_type=\"text-editor.default\">\n\t\t\t\t<div class=\"elementor-widget-container\">\n\t\t\t\t\t\t\t\t\t<p>The declaration was made on 2025-04-30<br>The declaration was made on the basis of a self-assessment performed by the Lukasiewicz Research Network \u2013 Institute of Organic Industry.<\/p>\t\t\t\t\t\t\t\t<\/div>\n\t\t\t\t<\/div>\n\t\t\t\t<div class=\"elementor-element elementor-element-b15ec09 elementor-widget elementor-widget-heading\" data-id=\"b15ec09\" data-element_type=\"widget\" data-e-type=\"widget\" data-widget_type=\"heading.default\">\n\t\t\t\t<div class=\"elementor-widget-container\">\n\t\t\t\t\t<h2 class=\"elementor-heading-title elementor-size-default\">Feedback and contact information<\/h2>\t\t\t\t<\/div>\n\t\t\t\t<\/div>\n\t\t\t\t<div class=\"elementor-element elementor-element-bda46ce elementor-widget elementor-widget-text-editor\" data-id=\"bda46ce\" data-element_type=\"widget\" data-e-type=\"widget\" data-widget_type=\"text-editor.default\">\n\t\t\t\t<div class=\"elementor-widget-container\">\n\t\t\t\t\t\t\t\t\t<p>In case of problems with the accessibility of the website, please contact us by e-mail.<br>The contact person is Wojciech Gaw\u0119da, e-mail address: wojciech.gaweda@ipo.lukasiewicz.gov.pl, phone number: 22 88 41 340.<br>The same route can be used to submit requests for inaccessible information and to file complaints about the lack of provision of accessibility.<\/p>\t\t\t\t\t\t\t\t<\/div>\n\t\t\t\t<\/div>\n\t\t\t\t<div class=\"elementor-element elementor-element-9ad37c4 elementor-widget elementor-widget-heading\" data-id=\"9ad37c4\" data-element_type=\"widget\" data-e-type=\"widget\" data-widget_type=\"heading.default\">\n\t\t\t\t<div class=\"elementor-widget-container\">\n\t\t\t\t\t<h2 class=\"elementor-heading-title elementor-size-default\">Information about the non-availability of a sign language interpreter<\/h2>\t\t\t\t<\/div>\n\t\t\t\t<\/div>\n\t\t\t\t<div class=\"elementor-element elementor-element-b64055a elementor-widget elementor-widget-text-editor\" data-id=\"b64055a\" data-element_type=\"widget\" data-e-type=\"widget\" data-widget_type=\"text-editor.default\">\n\t\t\t\t<div class=\"elementor-widget-container\">\n\t\t\t\t\t\t\t\t\t<p>Research Network Lukasiewicz &#8211; Organic Industry Institute informs about the non-availability of a sign language interpreter via electronic communication means.<\/p>\t\t\t\t\t\t\t\t<\/div>\n\t\t\t\t<\/div>\n\t\t\t\t<div class=\"elementor-element elementor-element-7eff565 elementor-widget elementor-widget-heading\" data-id=\"7eff565\" data-element_type=\"widget\" data-e-type=\"widget\" data-widget_type=\"heading.default\">\n\t\t\t\t<div class=\"elementor-widget-container\">\n\t\t\t\t\t<h2 class=\"elementor-heading-title elementor-size-default\">Information on the procedure<\/h2>\t\t\t\t<\/div>\n\t\t\t\t<\/div>\n\t\t\t\t<div class=\"elementor-element elementor-element-2b62815 elementor-widget elementor-widget-text-editor\" data-id=\"2b62815\" data-element_type=\"widget\" data-e-type=\"widget\" data-widget_type=\"text-editor.default\">\n\t\t\t\t<div class=\"elementor-widget-container\">\n\t\t\t\t\t\t\t\t\t<p>Anyone has the right to request the provision of accessibility to a digital website, mobile application or some element thereof. It is also possible to request that the information be made available through an alternative means of access, for example, by reading a digitally inaccessible document, describing the content of a film without an audio description, etc. The request should include the details of the person making the request, an indication of which website or mobile application is involved, and a method of contact. If the person making the request is requesting to receive information through an alternative means of access, he or she should also specify the form of presentation of this information. Research Network Lukasiewicz &#8211; Institute of Organic Industry will implement the request immediately, no later than within 7 days from the date of the request. If it is not possible to meet this deadline, the Lukasiewicz Research Network &#8211; Organic Industry Institute will immediately inform the requester when the fulfillment of the request will be possible, but the deadline will not be longer than 2 months. If it is not possible to ensure availability, the Lukasiewicz Research Network &#8211; Organic Industry Institute will propose an alternative way to access the information. If the Lukasiewicz Research Network &#8211; Organic Industry Institute refuses to comply with a request to provide availability or alternative access to information, the requester may file a complaint against such action. The complaint shall be filed with the Lukasiewicz Research Network &#8211; Organic Industry Institute. The complaint may be filed:         <\/p><ul><li>In writing to the address \u0141ukasiewicz Research Network &#8211; Institute of Organic Industry 6 Annopol Street, 03-236 Warsaw, <\/li><li>by fax to +48 22 811 07 99,<\/li><li>by e-mail to: sekretariat@ipo.lukasiewicz.gov.pl<br>as well as orally to the minutes. After exhausting the procedure indicated above, you can also submit a request to the <a href=\"https:\/\/www.rpo.gov.pl\/\">Ombudsman<\/a>. <\/li><\/ul>\t\t\t\t\t\t\t\t<\/div>\n\t\t\t\t<\/div>\n\t\t\t\t<div class=\"elementor-element elementor-element-618410c elementor-widget elementor-widget-heading\" data-id=\"618410c\" data-element_type=\"widget\" data-e-type=\"widget\" data-widget_type=\"heading.default\">\n\t\t\t\t<div class=\"elementor-widget-container\">\n\t\t\t\t\t<h2 class=\"elementor-heading-title elementor-size-default\">Architectural accessibility<\/h2>\t\t\t\t<\/div>\n\t\t\t\t<\/div>\n\t\t\t\t<div class=\"elementor-element elementor-element-972b2d0 elementor-widget elementor-widget-text-editor\" data-id=\"972b2d0\" data-element_type=\"widget\" data-e-type=\"widget\" data-widget_type=\"text-editor.default\">\n\t\t\t\t<div class=\"elementor-widget-container\">\n\t\t\t\t\t\t\t\t\t<p>The Lukasiewicz Research Network &#8211; Institute of Organic Industry is located in four locations:<\/p>\n<p>1. Headquarters:<\/p>\n<p>\u0141ukasiewicz Research Network &#8211; Institute of Organic Industry, 6 Annopol Street, 03 &#8211; 236 Warsaw. There are buildings on the site, which contain laboratory, office and utility rooms. The main building, which houses the Directorate of the Institute and administrative premises, is accessed from Odlewnicza Street. A staircase leads to the entrance. The pass office is located on the right side, by the stairs to the entrance. There are no facilities for people in wheelchairs. There is no elevator in the building. In buildings where there are laboratory rooms for wheelchair users, the corridor and rooms on the first floor are accessible; there are no facilities for wheelchair users. In front of the Institute&#8217;s headquarters there is a parking lot for employees and visitors of the Lukasiewicz Research Network &#8211; Institute of Organic Industry.          <\/p>\n<p>2 Branches and outposts:<\/p>\n<ol>\n<li>\u0141ukasiewicz Research Network &#8211; Institute of Organic Industry, Branch in Pszczyna, 27 Do\u015bwiadczalna Street, 43 &#8211; 200 Pszczyna. The main building is accessed from Do\u015bwiadczalna Street. The gatehouse is located on the right by the entrance gate. Stairs lead to each building. No parking for the disabled. No facilities for the disabled. No elevators in the buildings.        <\/li>\n<li>\u0141ukasiewicz Research Network &#8211; Institute of Organic Industry, Explosive Technology Research Group in Krupski M\u0142yn, 1 Zawadzkiego St., 42-693 Krupski M\u0142yn. Access to the Research Group area is through the pass office of the security service. To access the site further, one must cross a bridge located over the Ma\u0142a Panew River, from which the exit is by stairs. Access to the office building is restricted by stairs. A ramp is made to the laboratory building. There are no facilities for the disabled in the buildings (no elevator, ramp). Parking spaces are shared with Nitroerg S.A., among them are spaces designated for the disabled.       <\/li>\n<li>\u0141ukasiewicz Research Network &#8211; Institute of Organic Industry, Ballistic Research Laboratory in Pionki, 3 Poligonowa St., 26-670 Pionki. It is located in a forest area, the entrance to the site is fenced through a gate. Stairs lead to the main building. The building is one-story. No facilities for the disabled. Only a corridor is available for wheelchair users. In front of the building there is parking on paved ground. There is no pass office on the premises.        <\/li>\n<\/ol>\t\t\t\t\t\t\t\t<\/div>\n\t\t\t\t<\/div>\n\t\t\t\t\t<\/div>\n\t\t<\/div>\n\t\t\t\t\t<\/div>\n\t\t<\/section>\n\t\t\t\t<\/div>\n\t\t","protected":false},"excerpt":{"rendered":"<p>Declaration of digital accessibility &#8211; statement on accessibility The Lukasiewicz Research Network &#8211; Organic Industry Institute undertakes to ensure the accessibility of its website in accordance with the Law of April 4, 2019 on Digital Accessibility of Websites and Mobile Applications of Public Entities. The statement on accessibility applies to the website of the Research [&hellip;]<\/p>\n","protected":false},"author":163,"featured_media":0,"parent":0,"menu_order":0,"comment_status":"closed","ping_status":"closed","template":"","meta":{"_acf_changed":false,"_seopress_robots_primary_cat":"","_seopress_titles_title":"","_seopress_titles_desc":"","_seopress_robots_index":"","inline_featured_image":false,"footnotes":""},"class_list":["post-68438","page","type-page","status-publish","hentry"],"acf":[],"publishpress_future_action":{"enabled":false,"date":"2026-04-27 06:11:49","action":"change-status","newStatus":"draft","terms":[],"taxonomy":"translation_priority","extraData":[]},"publishpress_future_workflow_manual_trigger":{"enabledWorkflows":[]},"_links":{"self":[{"href":"https:\/\/ipo.lukasiewicz.gov.pl\/en\/wp-json\/wp\/v2\/pages\/68438","targetHints":{"allow":["GET"]}}],"collection":[{"href":"https:\/\/ipo.lukasiewicz.gov.pl\/en\/wp-json\/wp\/v2\/pages"}],"about":[{"href":"https:\/\/ipo.lukasiewicz.gov.pl\/en\/wp-json\/wp\/v2\/types\/page"}],"author":[{"embeddable":true,"href":"https:\/\/ipo.lukasiewicz.gov.pl\/en\/wp-json\/wp\/v2\/users\/163"}],"replies":[{"embeddable":true,"href":"https:\/\/ipo.lukasiewicz.gov.pl\/en\/wp-json\/wp\/v2\/comments?post=68438"}],"version-history":[{"count":5,"href":"https:\/\/ipo.lukasiewicz.gov.pl\/en\/wp-json\/wp\/v2\/pages\/68438\/revisions"}],"predecessor-version":[{"id":71656,"href":"https:\/\/ipo.lukasiewicz.gov.pl\/en\/wp-json\/wp\/v2\/pages\/68438\/revisions\/71656"}],"wp:attachment":[{"href":"https:\/\/ipo.lukasiewicz.gov.pl\/en\/wp-json\/wp\/v2\/media?parent=68438"}],"curies":[{"name":"wp","href":"https:\/\/api.w.org\/{rel}","templated":true}]}}