{"id":68575,"date":"2024-10-08T10:09:36","date_gmt":"2024-10-08T08:09:36","guid":{"rendered":"https:\/\/ipo.lukasiewicz.gov.pl\/ipoex2024-en\/previous-editions-of-the-conference\/ii-conference-ipoex-2005\/"},"modified":"2024-12-05T14:34:59","modified_gmt":"2024-12-05T13:34:59","slug":"ii-conference-ipoex-2005","status":"publish","type":"page","link":"https:\/\/ipo.lukasiewicz.gov.pl\/en\/ii-conference-ipoex-2005\/","title":{"rendered":"II Conference IPOEX 2005"},"content":{"rendered":"\t\t<div data-elementor-type=\"wp-page\" data-elementor-id=\"68575\" class=\"elementor elementor-68575 elementor-64948\" data-elementor-post-type=\"page\">\n\t\t\t\t\t\t<section class=\"elementor-section elementor-top-section elementor-element elementor-element-121a4d7c elementor-section-boxed elementor-section-height-default elementor-section-height-default\" data-id=\"121a4d7c\" data-element_type=\"section\" data-e-type=\"section\">\n\t\t\t\t\t\t<div class=\"elementor-container elementor-column-gap-default\">\n\t\t\t\t\t<div class=\"elementor-column elementor-col-100 elementor-top-column elementor-element elementor-element-44d0394b\" data-id=\"44d0394b\" data-element_type=\"column\" data-e-type=\"column\">\n\t\t\t<div class=\"elementor-widget-wrap elementor-element-populated\">\n\t\t\t\t\t\t<div class=\"elementor-element elementor-element-5da16cb elementor-widget elementor-widget-spacer\" data-id=\"5da16cb\" data-element_type=\"widget\" data-e-type=\"widget\" data-widget_type=\"spacer.default\">\n\t\t\t\t<div class=\"elementor-widget-container\">\n\t\t\t\t\t\t\t<div class=\"elementor-spacer\">\n\t\t\t<div class=\"elementor-spacer-inner\"><\/div>\n\t\t<\/div>\n\t\t\t\t\t\t<\/div>\n\t\t\t\t<\/div>\n\t\t\t\t<section class=\"elementor-section elementor-inner-section elementor-element elementor-element-748f2ca2 elementor-section-boxed elementor-section-height-default elementor-section-height-default\" data-id=\"748f2ca2\" data-element_type=\"section\" data-e-type=\"section\" data-settings=\"{&quot;background_background&quot;:&quot;classic&quot;}\">\n\t\t\t\t\t\t<div class=\"elementor-container elementor-column-gap-default\">\n\t\t\t\t\t<div class=\"elementor-column elementor-col-100 elementor-inner-column elementor-element elementor-element-622d6f58\" data-id=\"622d6f58\" data-element_type=\"column\" data-e-type=\"column\">\n\t\t\t<div class=\"elementor-widget-wrap elementor-element-populated\">\n\t\t\t\t\t\t<div class=\"elementor-element elementor-element-b1e4240 elementor-widget elementor-widget-heading\" data-id=\"b1e4240\" data-element_type=\"widget\" data-e-type=\"widget\" data-widget_type=\"heading.default\">\n\t\t\t\t<div class=\"elementor-widget-container\">\n\t\t\t\t\t<h2 class=\"elementor-heading-title elementor-size-default\">II Conference IPOEX 2005<\/h2>\t\t\t\t<\/div>\n\t\t\t\t<\/div>\n\t\t\t\t<div class=\"elementor-element elementor-element-5cb08273 elementor-widget elementor-widget-text-editor\" data-id=\"5cb08273\" data-element_type=\"widget\" data-e-type=\"widget\" data-widget_type=\"text-editor.default\">\n\t\t\t\t<div class=\"elementor-widget-container\">\n\t\t\t\t\t\t\t\t\t<p>The 2nd IPOEX 2005 Scientific Conference took place on 14-16 June and presented research work and technological solutions for high-energy materials.  <\/p>\n\t\t\t\t\t\t\t\t<\/div>\n\t\t\t\t<\/div>\n\t\t\t\t<div class=\"elementor-element elementor-element-85aef15 elementor-widget elementor-widget-button\" data-id=\"85aef15\" data-element_type=\"widget\" data-e-type=\"widget\" data-widget_type=\"button.default\">\n\t\t\t\t<div class=\"elementor-widget-container\">\n\t\t\t\t\t\t\t\t\t<div class=\"elementor-button-wrapper\">\n\t\t\t\t\t<a class=\"elementor-button elementor-button-link elementor-size-sm\" href=\"#\">\n\t\t\t\t\t\t<span class=\"elementor-button-content-wrapper\">\n\t\t\t\t\t\t\t\t\t<span class=\"elementor-button-text\">Program<\/span>\n\t\t\t\t\t<\/span>\n\t\t\t\t\t<\/a>\n\t\t\t\t<\/div>\n\t\t\t\t\t\t\t\t<\/div>\n\t\t\t\t<\/div>\n\t\t\t\t<div class=\"elementor-element elementor-element-5b811a3 elementor-widget elementor-widget-heading\" data-id=\"5b811a3\" data-element_type=\"widget\" data-e-type=\"widget\" data-widget_type=\"heading.default\">\n\t\t\t\t<div class=\"elementor-widget-container\">\n\t\t\t\t\t<h3 class=\"elementor-heading-title elementor-size-default\">Organisers<\/h3>\t\t\t\t<\/div>\n\t\t\t\t<\/div>\n\t\t<div class=\"elementor-element elementor-element-05eb8ab e-grid e-con-boxed e-con e-parent\" data-id=\"05eb8ab\" data-element_type=\"container\" data-e-type=\"container\">\n\t\t\t\t\t<div class=\"e-con-inner\">\n\t\t<a class=\"elementor-element elementor-element-01df2ac e-flex e-con-boxed e-con e-child\" data-id=\"01df2ac\" data-element_type=\"container\" data-e-type=\"container\">\n\t\t\t\t\t<div class=\"e-con-inner\">\n\t\t\t\t<div class=\"elementor-element elementor-element-ed38e3f elementor-widget elementor-widget-image\" data-id=\"ed38e3f\" data-element_type=\"widget\" data-e-type=\"widget\" data-widget_type=\"image.default\">\n\t\t\t\t<div class=\"elementor-widget-container\">\n\t\t\t\t\t\t\t\t\t\t\t\t\t\t\t<img fetchpriority=\"high\" decoding=\"async\" width=\"545\" height=\"140\" src=\"https:\/\/ipo.lukasiewicz.gov.pl\/wp-content\/uploads\/sites\/31\/2024\/08\/cropped-IPO_uzup_pelna.png\" class=\"attachment-large size-large wp-image-62909\" alt=\"\" srcset=\"https:\/\/ipo.lukasiewicz.gov.pl\/wp-content\/uploads\/sites\/31\/2024\/08\/cropped-IPO_uzup_pelna.png 545w, https:\/\/ipo.lukasiewicz.gov.pl\/wp-content\/uploads\/sites\/31\/2024\/08\/cropped-IPO_uzup_pelna-300x77.png 300w\" sizes=\"(max-width: 545px) 100vw, 545px\" \/>\t\t\t\t\t\t\t\t\t\t\t\t\t\t\t<\/div>\n\t\t\t\t<\/div>\n\t\t\t\t\t<\/div>\n\t\t\t\t<\/a>\n\t\t\t\t\t<\/div>\n\t\t\t\t<\/div>\n\t\t\t\t<div class=\"elementor-element elementor-element-6a9cb80 elementor-widget elementor-widget-heading\" data-id=\"6a9cb80\" data-element_type=\"widget\" data-e-type=\"widget\" data-widget_type=\"heading.default\">\n\t\t\t\t<div class=\"elementor-widget-container\">\n\t\t\t\t\t<h3 class=\"elementor-heading-title elementor-size-default\">Scientific Committee<\/h3>\t\t\t\t<\/div>\n\t\t\t\t<\/div>\n\t\t\t\t<div class=\"elementor-element elementor-element-20dfe1f elementor-widget elementor-widget-text-editor\" data-id=\"20dfe1f\" data-element_type=\"widget\" data-e-type=\"widget\" data-widget_type=\"text-editor.default\">\n\t\t\t\t<div class=\"elementor-widget-container\">\n\t\t\t\t\t\t\t\t\t<p>dr hab. in\u017c  Pawe\u0142 Batko<\/p>\n<p>dr in\u017c. Karol Buchalik (IPO)<\/p>\n<p>dr hab. in\u017c  Stanis\u0142aw Cudzi\u0142o (WAT)<\/p>\n<p>dr hab. in\u017c  Krzysztof Cybulski (GIG)<\/p>\n<p>dr in\u017c. Bogdan Florczak (IPO)<\/p>\n<p>dr in\u017c. Wies\u0142aw Jedrzejewski (BUMAR)<\/p>\n<p>dr in\u017c. Tomasz Korza (MNiL)<\/p>\n<p>prof. dr hab. Andrzej Kostecki (IGNiG)<\/p>\n<p>dr in\u017c. Ryszard Kostrow (WITU)<\/p>\n<p>prof. dr hab. Andrzej Ksi\u0105\u017cczak (PW)<\/p>\n<p>prof. dr hab. in\u017c  Andrzej Maranda (IPO) \u2013 przewodnicz\u0105cy<\/p>\n<p>dr in\u017c. Szymon Modrzejewski (POLTEGOR &#8211; Instytut)<\/p>\n<p>dr in\u017c. Ryszard Morawa (AGH)<\/p>\n<p>prof. dr hab. in\u017c  Wincenty Skupi\u0144ski (IChP)<\/p>\n<p>dr in\u017c. Jacek Sobala (GIG)<\/p>\n<p>dr in\u017c. Muhamed Suceska (Brodarski Institut)<\/p>\n<p>prof. dr hab. in\u017c  Rados\u0142aw Tr\u0119bi\u0144ski (WAT)<\/p>\n<p>prof. dr hab. in\u017c  Waldemar A. Trzci\u0144ski (WAT)<\/p>\n<p>dr in\u017c. Waldemar Witkowski (IPO)<\/p>\n<p>prof. dr hab. Svatopluk Zeman (University of Pardubice)<\/p>\n\t\t\t\t\t\t\t\t<\/div>\n\t\t\t\t<\/div>\n\t\t\t\t\t<\/div>\n\t\t<\/div>\n\t\t\t\t\t<\/div>\n\t\t<\/section>\n\t\t\t\t<div class=\"elementor-element elementor-element-78f4dddc elementor-widget elementor-widget-spacer\" data-id=\"78f4dddc\" data-element_type=\"widget\" data-e-type=\"widget\" data-widget_type=\"spacer.default\">\n\t\t\t\t<div class=\"elementor-widget-container\">\n\t\t\t\t\t\t\t<div class=\"elementor-spacer\">\n\t\t\t<div class=\"elementor-spacer-inner\"><\/div>\n\t\t<\/div>\n\t\t\t\t\t\t<\/div>\n\t\t\t\t<\/div>\n\t\t\t\t\t<\/div>\n\t\t<\/div>\n\t\t\t\t\t<\/div>\n\t\t<\/section>\n\t\t\t\t<\/div>\n\t\t","protected":false},"excerpt":{"rendered":"<p>II Conference IPOEX 2005 The 2nd IPOEX 2005 Scientific Conference took place on 14-16 June and presented research work and technological solutions for high-energy materials. Program Organisers Scientific Committee dr hab. in\u017c Pawe\u0142 Batko dr in\u017c. Karol Buchalik (IPO) dr hab. in\u017c Stanis\u0142aw Cudzi\u0142o (WAT) dr hab. in\u017c Krzysztof Cybulski (GIG) dr in\u017c. Bogdan Florczak [&hellip;]<\/p>\n","protected":false},"author":178,"featured_media":0,"parent":0,"menu_order":0,"comment_status":"closed","ping_status":"closed","template":"","meta":{"_acf_changed":false,"_seopress_robots_primary_cat":"","_seopress_titles_title":"","_seopress_titles_desc":"","_seopress_robots_index":"","inline_featured_image":false,"footnotes":""},"class_list":["post-68575","page","type-page","status-publish","hentry"],"acf":[],"publishpress_future_action":{"enabled":false,"date":"2026-04-25 06:26:32","action":"change-status","newStatus":"draft","terms":[],"taxonomy":"translation_priority","extraData":[]},"publishpress_future_workflow_manual_trigger":{"enabledWorkflows":[]},"_links":{"self":[{"href":"https:\/\/ipo.lukasiewicz.gov.pl\/en\/wp-json\/wp\/v2\/pages\/68575","targetHints":{"allow":["GET"]}}],"collection":[{"href":"https:\/\/ipo.lukasiewicz.gov.pl\/en\/wp-json\/wp\/v2\/pages"}],"about":[{"href":"https:\/\/ipo.lukasiewicz.gov.pl\/en\/wp-json\/wp\/v2\/types\/page"}],"author":[{"embeddable":true,"href":"https:\/\/ipo.lukasiewicz.gov.pl\/en\/wp-json\/wp\/v2\/users\/178"}],"replies":[{"embeddable":true,"href":"https:\/\/ipo.lukasiewicz.gov.pl\/en\/wp-json\/wp\/v2\/comments?post=68575"}],"version-history":[{"count":1,"href":"https:\/\/ipo.lukasiewicz.gov.pl\/en\/wp-json\/wp\/v2\/pages\/68575\/revisions"}],"predecessor-version":[{"id":68576,"href":"https:\/\/ipo.lukasiewicz.gov.pl\/en\/wp-json\/wp\/v2\/pages\/68575\/revisions\/68576"}],"wp:attachment":[{"href":"https:\/\/ipo.lukasiewicz.gov.pl\/en\/wp-json\/wp\/v2\/media?parent=68575"}],"curies":[{"name":"wp","href":"https:\/\/api.w.org\/{rel}","templated":true}]}}