{"id":68599,"date":"2024-10-07T21:26:41","date_gmt":"2024-10-07T19:26:41","guid":{"rendered":"https:\/\/ipo.lukasiewicz.gov.pl\/ipoex2024-en\/previous-editions-of-the-conference\/xiv-conference-ipoex-2017\/"},"modified":"2024-12-05T15:19:02","modified_gmt":"2024-12-05T14:19:02","slug":"xiv-conference-ipoex-2017","status":"publish","type":"page","link":"https:\/\/ipo.lukasiewicz.gov.pl\/en\/xiv-conference-ipoex-2017\/","title":{"rendered":"XIV Conference IPOEX 2017"},"content":{"rendered":"\t\t<div data-elementor-type=\"wp-page\" data-elementor-id=\"68599\" class=\"elementor elementor-68599 elementor-64719\" data-elementor-post-type=\"page\">\n\t\t\t\t\t\t<section class=\"elementor-section elementor-top-section elementor-element elementor-element-121a4d7c elementor-section-boxed elementor-section-height-default elementor-section-height-default\" data-id=\"121a4d7c\" data-element_type=\"section\" data-e-type=\"section\">\n\t\t\t\t\t\t<div class=\"elementor-container elementor-column-gap-default\">\n\t\t\t\t\t<div class=\"elementor-column elementor-col-100 elementor-top-column elementor-element elementor-element-44d0394b\" data-id=\"44d0394b\" data-element_type=\"column\" data-e-type=\"column\">\n\t\t\t<div class=\"elementor-widget-wrap elementor-element-populated\">\n\t\t\t\t\t\t<div class=\"elementor-element elementor-element-5da16cb elementor-widget elementor-widget-spacer\" data-id=\"5da16cb\" data-element_type=\"widget\" data-e-type=\"widget\" data-widget_type=\"spacer.default\">\n\t\t\t\t<div class=\"elementor-widget-container\">\n\t\t\t\t\t\t\t<div class=\"elementor-spacer\">\n\t\t\t<div class=\"elementor-spacer-inner\"><\/div>\n\t\t<\/div>\n\t\t\t\t\t\t<\/div>\n\t\t\t\t<\/div>\n\t\t\t\t<section class=\"elementor-section elementor-inner-section elementor-element elementor-element-748f2ca2 elementor-section-boxed elementor-section-height-default elementor-section-height-default\" data-id=\"748f2ca2\" data-element_type=\"section\" data-e-type=\"section\" data-settings=\"{&quot;background_background&quot;:&quot;classic&quot;}\">\n\t\t\t\t\t\t<div class=\"elementor-container elementor-column-gap-default\">\n\t\t\t\t\t<div class=\"elementor-column elementor-col-100 elementor-inner-column elementor-element elementor-element-622d6f58\" data-id=\"622d6f58\" data-element_type=\"column\" data-e-type=\"column\">\n\t\t\t<div class=\"elementor-widget-wrap elementor-element-populated\">\n\t\t\t\t\t\t<div class=\"elementor-element elementor-element-b1e4240 elementor-widget elementor-widget-heading\" data-id=\"b1e4240\" data-element_type=\"widget\" data-e-type=\"widget\" data-widget_type=\"heading.default\">\n\t\t\t\t<div class=\"elementor-widget-container\">\n\t\t\t\t\t<h2 class=\"elementor-heading-title elementor-size-default\">XIV Conference IPOEX 2017<\/h2>\t\t\t\t<\/div>\n\t\t\t\t<\/div>\n\t\t\t\t<div class=\"elementor-element elementor-element-5cb08273 elementor-widget elementor-widget-text-editor\" data-id=\"5cb08273\" data-element_type=\"widget\" data-e-type=\"widget\" data-widget_type=\"text-editor.default\">\n\t\t\t\t<div class=\"elementor-widget-container\">\n\t\t\t\t\t\t\t\t\t<p>On 5-7 June, the 14th IPOEX Scientific Conference 2017 took place, presenting research work and technological solutions for high-energy materials.  <\/p>\n\t\t\t\t\t\t\t\t<\/div>\n\t\t\t\t<\/div>\n\t\t\t\t<div class=\"elementor-element elementor-element-85aef15 elementor-widget elementor-widget-button\" data-id=\"85aef15\" data-element_type=\"widget\" data-e-type=\"widget\" data-widget_type=\"button.default\">\n\t\t\t\t<div class=\"elementor-widget-container\">\n\t\t\t\t\t\t\t\t\t<div class=\"elementor-button-wrapper\">\n\t\t\t\t\t<a class=\"elementor-button elementor-button-link elementor-size-sm\" href=\"#\">\n\t\t\t\t\t\t<span class=\"elementor-button-content-wrapper\">\n\t\t\t\t\t\t\t\t\t<span class=\"elementor-button-text\">Program<\/span>\n\t\t\t\t\t<\/span>\n\t\t\t\t\t<\/a>\n\t\t\t\t<\/div>\n\t\t\t\t\t\t\t\t<\/div>\n\t\t\t\t<\/div>\n\t\t\t\t<div class=\"elementor-element elementor-element-5b811a3 elementor-widget elementor-widget-heading\" data-id=\"5b811a3\" data-element_type=\"widget\" data-e-type=\"widget\" data-widget_type=\"heading.default\">\n\t\t\t\t<div class=\"elementor-widget-container\">\n\t\t\t\t\t<h3 class=\"elementor-heading-title elementor-size-default\">HONORARY PATRONAGE<\/h3>\t\t\t\t<\/div>\n\t\t\t\t<\/div>\n\t\t<div class=\"elementor-element elementor-element-05eb8ab e-grid e-con-boxed e-con e-parent\" data-id=\"05eb8ab\" data-element_type=\"container\" data-e-type=\"container\">\n\t\t\t\t\t<div class=\"e-con-inner\">\n\t\t<a class=\"elementor-element elementor-element-01df2ac e-flex e-con-boxed e-con e-child\" data-id=\"01df2ac\" data-element_type=\"container\" data-e-type=\"container\" href=\"http:\/\/www.nauka.gov.pl\/\" target=\"_blank\">\n\t\t\t\t\t<div class=\"e-con-inner\">\n\t\t\t\t<div class=\"elementor-element elementor-element-ed38e3f elementor-widget elementor-widget-image\" data-id=\"ed38e3f\" data-element_type=\"widget\" data-e-type=\"widget\" data-widget_type=\"image.default\">\n\t\t\t\t<div class=\"elementor-widget-container\">\n\t\t\t\t\t\t\t\t\t\t\t\t\t\t\t<img fetchpriority=\"high\" decoding=\"async\" width=\"351\" height=\"235\" src=\"https:\/\/ipo.lukasiewicz.gov.pl\/wp-content\/uploads\/sites\/31\/2024\/10\/mn.jpg\" class=\"attachment-large size-large wp-image-64734\" alt=\"\" srcset=\"https:\/\/ipo.lukasiewicz.gov.pl\/wp-content\/uploads\/sites\/31\/2024\/10\/mn.jpg 351w, https:\/\/ipo.lukasiewicz.gov.pl\/wp-content\/uploads\/sites\/31\/2024\/10\/mn-300x201.jpg 300w, https:\/\/ipo.lukasiewicz.gov.pl\/wp-content\/uploads\/sites\/31\/2024\/10\/mn-24x16.jpg 24w, https:\/\/ipo.lukasiewicz.gov.pl\/wp-content\/uploads\/sites\/31\/2024\/10\/mn-36x24.jpg 36w, https:\/\/ipo.lukasiewicz.gov.pl\/wp-content\/uploads\/sites\/31\/2024\/10\/mn-48x32.jpg 48w\" sizes=\"(max-width: 351px) 100vw, 351px\" \/>\t\t\t\t\t\t\t\t\t\t\t\t\t\t\t<\/div>\n\t\t\t\t<\/div>\n\t\t\t\t<div class=\"elementor-element elementor-element-5f07a40 elementor-widget elementor-widget-heading\" data-id=\"5f07a40\" data-element_type=\"widget\" data-e-type=\"widget\" data-widget_type=\"heading.default\">\n\t\t\t\t<div class=\"elementor-widget-container\">\n\t\t\t\t\t<h5 class=\"elementor-heading-title elementor-size-default\">Minister of Science and Higher Education\nJaros\u0142aw Gowin\n<\/h5>\t\t\t\t<\/div>\n\t\t\t\t<\/div>\n\t\t\t\t\t<\/div>\n\t\t\t\t<\/a>\n\t\t<a class=\"elementor-element elementor-element-da35008 e-flex e-con-boxed e-con e-child\" data-id=\"da35008\" data-element_type=\"container\" data-e-type=\"container\" href=\"https:\/\/www.wojsko-polskie.pl\/wat\/\" target=\"_blank\">\n\t\t\t\t\t<div class=\"e-con-inner\">\n\t\t\t\t<div class=\"elementor-element elementor-element-a6ff6c1 elementor-widget elementor-widget-image\" data-id=\"a6ff6c1\" data-element_type=\"widget\" data-e-type=\"widget\" data-widget_type=\"image.default\">\n\t\t\t\t<div class=\"elementor-widget-container\">\n\t\t\t\t\t\t\t\t\t\t\t\t\t\t\t<img decoding=\"async\" width=\"130\" height=\"82\" src=\"https:\/\/ipo.lukasiewicz.gov.pl\/wp-content\/uploads\/sites\/31\/2024\/10\/wat.jpg\" class=\"attachment-large size-large wp-image-64670\" alt=\"\" srcset=\"https:\/\/ipo.lukasiewicz.gov.pl\/wp-content\/uploads\/sites\/31\/2024\/10\/wat.jpg 130w, https:\/\/ipo.lukasiewicz.gov.pl\/wp-content\/uploads\/sites\/31\/2024\/10\/wat-24x15.jpg 24w, https:\/\/ipo.lukasiewicz.gov.pl\/wp-content\/uploads\/sites\/31\/2024\/10\/wat-36x23.jpg 36w, https:\/\/ipo.lukasiewicz.gov.pl\/wp-content\/uploads\/sites\/31\/2024\/10\/wat-48x30.jpg 48w\" sizes=\"(max-width: 130px) 100vw, 130px\" \/>\t\t\t\t\t\t\t\t\t\t\t\t\t\t\t<\/div>\n\t\t\t\t<\/div>\n\t\t\t\t<div class=\"elementor-element elementor-element-5071447 elementor-widget elementor-widget-heading\" data-id=\"5071447\" data-element_type=\"widget\" data-e-type=\"widget\" data-widget_type=\"heading.default\">\n\t\t\t\t<div class=\"elementor-widget-container\">\n\t\t\t\t\t<h5 class=\"elementor-heading-title elementor-size-default\">Rector-Commander WAT \ngen. bryg. dr hab. in\u017c.    Tadeusz Szczurek\n\n<\/h5>\t\t\t\t<\/div>\n\t\t\t\t<\/div>\n\t\t\t\t\t<\/div>\n\t\t\t\t<\/a>\n\t\t<a class=\"elementor-element elementor-element-868c5f7 e-flex e-con-boxed e-con e-child\" data-id=\"868c5f7\" data-element_type=\"container\" data-e-type=\"container\" href=\"https:\/\/www.agh.edu.pl\/\" target=\"_blank\">\n\t\t\t\t\t<div class=\"e-con-inner\">\n\t\t\t\t<div class=\"elementor-element elementor-element-cf58a14 elementor-widget elementor-widget-image\" data-id=\"cf58a14\" data-element_type=\"widget\" data-e-type=\"widget\" data-widget_type=\"image.default\">\n\t\t\t\t<div class=\"elementor-widget-container\">\n\t\t\t\t\t\t\t\t\t\t\t\t\t\t\t<img decoding=\"async\" width=\"100\" height=\"169\" src=\"https:\/\/ipo.lukasiewicz.gov.pl\/wp-content\/uploads\/sites\/31\/2024\/10\/agh.jpg\" class=\"attachment-large size-large wp-image-64659\" alt=\"\" srcset=\"https:\/\/ipo.lukasiewicz.gov.pl\/wp-content\/uploads\/sites\/31\/2024\/10\/agh.jpg 100w, https:\/\/ipo.lukasiewicz.gov.pl\/wp-content\/uploads\/sites\/31\/2024\/10\/agh-14x24.jpg 14w, https:\/\/ipo.lukasiewicz.gov.pl\/wp-content\/uploads\/sites\/31\/2024\/10\/agh-21x36.jpg 21w, https:\/\/ipo.lukasiewicz.gov.pl\/wp-content\/uploads\/sites\/31\/2024\/10\/agh-28x48.jpg 28w\" sizes=\"(max-width: 100px) 100vw, 100px\" \/>\t\t\t\t\t\t\t\t\t\t\t\t\t\t\t<\/div>\n\t\t\t\t<\/div>\n\t\t\t\t<div class=\"elementor-element elementor-element-ef76554 elementor-widget elementor-widget-heading\" data-id=\"ef76554\" data-element_type=\"widget\" data-e-type=\"widget\" data-widget_type=\"heading.default\">\n\t\t\t\t<div class=\"elementor-widget-container\">\n\t\t\t\t\t<h5 class=\"elementor-heading-title elementor-size-default\">prof. dr hab. in\u017c  Tadeusz S\u0142omka RECTOR\n<\/h5>\t\t\t\t<\/div>\n\t\t\t\t<\/div>\n\t\t\t\t\t<\/div>\n\t\t\t\t<\/a>\n\t\t\t\t\t<\/div>\n\t\t\t\t<\/div>\n\t\t\t\t<div class=\"elementor-element elementor-element-5c473fa elementor-widget elementor-widget-heading\" data-id=\"5c473fa\" data-element_type=\"widget\" data-e-type=\"widget\" data-widget_type=\"heading.default\">\n\t\t\t\t<div class=\"elementor-widget-container\">\n\t\t\t\t\t<h3 class=\"elementor-heading-title elementor-size-default\">MEDIA PATRONAGE<\/h3>\t\t\t\t<\/div>\n\t\t\t\t<\/div>\n\t\t<div class=\"elementor-element elementor-element-e1f3f2d e-grid e-con-boxed e-con e-parent\" data-id=\"e1f3f2d\" data-element_type=\"container\" data-e-type=\"container\">\n\t\t\t\t\t<div class=\"e-con-inner\">\n\t\t<a class=\"elementor-element elementor-element-5e75f69 e-flex e-con-boxed e-con e-child\" data-id=\"5e75f69\" data-element_type=\"container\" data-e-type=\"container\" href=\"https:\/\/drogowo-mostowy.pl\/kategoria\/strefa-kruszyw\/\" target=\"_blank\">\n\t\t\t\t\t<div class=\"e-con-inner\">\n\t\t\t\t<div class=\"elementor-element elementor-element-7a677b8 elementor-widget__width-initial elementor-widget elementor-widget-image\" data-id=\"7a677b8\" data-element_type=\"widget\" data-e-type=\"widget\" data-widget_type=\"image.default\">\n\t\t\t\t<div class=\"elementor-widget-container\">\n\t\t\t\t\t\t\t\t\t\t\t\t\t\t\t<img loading=\"lazy\" decoding=\"async\" width=\"547\" height=\"140\" src=\"https:\/\/ipo.lukasiewicz.gov.pl\/wp-content\/uploads\/sites\/31\/2024\/10\/kruszywa.jpg\" class=\"attachment-large size-large wp-image-64740\" alt=\"\" srcset=\"https:\/\/ipo.lukasiewicz.gov.pl\/wp-content\/uploads\/sites\/31\/2024\/10\/kruszywa.jpg 547w, https:\/\/ipo.lukasiewicz.gov.pl\/wp-content\/uploads\/sites\/31\/2024\/10\/kruszywa-300x77.jpg 300w, https:\/\/ipo.lukasiewicz.gov.pl\/wp-content\/uploads\/sites\/31\/2024\/10\/kruszywa-24x6.jpg 24w, https:\/\/ipo.lukasiewicz.gov.pl\/wp-content\/uploads\/sites\/31\/2024\/10\/kruszywa-36x9.jpg 36w, https:\/\/ipo.lukasiewicz.gov.pl\/wp-content\/uploads\/sites\/31\/2024\/10\/kruszywa-48x12.jpg 48w\" sizes=\"(max-width: 547px) 100vw, 547px\" \/>\t\t\t\t\t\t\t\t\t\t\t\t\t\t\t<\/div>\n\t\t\t\t<\/div>\n\t\t\t\t\t<\/div>\n\t\t\t\t<\/a>\n\t\t\t\t\t<\/div>\n\t\t\t\t<\/div>\n\t\t\t\t<div class=\"elementor-element elementor-element-d6f4948 elementor-widget elementor-widget-heading\" data-id=\"d6f4948\" data-element_type=\"widget\" data-e-type=\"widget\" data-widget_type=\"heading.default\">\n\t\t\t\t<div class=\"elementor-widget-container\">\n\t\t\t\t\t<h3 class=\"elementor-heading-title elementor-size-default\">CONFERENCE PARTNER<\/h3>\t\t\t\t<\/div>\n\t\t\t\t<\/div>\n\t\t<div class=\"elementor-element elementor-element-c69beec e-grid e-con-boxed e-con e-parent\" data-id=\"c69beec\" data-element_type=\"container\" data-e-type=\"container\">\n\t\t\t\t\t<div class=\"e-con-inner\">\n\t\t<a class=\"elementor-element elementor-element-08440f9 e-flex e-con-boxed e-con e-child\" data-id=\"08440f9\" data-element_type=\"container\" data-e-type=\"container\" href=\"https:\/\/www.nitrochem.com.pl\/\" target=\"_blank\">\n\t\t\t\t\t<div class=\"e-con-inner\">\n\t\t\t\t<div class=\"elementor-element elementor-element-fe52586 elementor-widget__width-initial elementor-widget elementor-widget-image\" data-id=\"fe52586\" data-element_type=\"widget\" data-e-type=\"widget\" data-widget_type=\"image.default\">\n\t\t\t\t<div class=\"elementor-widget-container\">\n\t\t\t\t\t\t\t\t\t\t\t\t\t\t\t<img loading=\"lazy\" decoding=\"async\" width=\"140\" height=\"60\" src=\"https:\/\/ipo.lukasiewicz.gov.pl\/wp-content\/uploads\/sites\/31\/2024\/10\/nitro.gif\" class=\"attachment-large size-large wp-image-64769\" alt=\"\" srcset=\"https:\/\/ipo.lukasiewicz.gov.pl\/wp-content\/uploads\/sites\/31\/2024\/10\/nitro.gif 140w, https:\/\/ipo.lukasiewicz.gov.pl\/wp-content\/uploads\/sites\/31\/2024\/10\/nitro-24x10.gif 24w, https:\/\/ipo.lukasiewicz.gov.pl\/wp-content\/uploads\/sites\/31\/2024\/10\/nitro-36x15.gif 36w, https:\/\/ipo.lukasiewicz.gov.pl\/wp-content\/uploads\/sites\/31\/2024\/10\/nitro-48x21.gif 48w\" sizes=\"(max-width: 140px) 100vw, 140px\" \/>\t\t\t\t\t\t\t\t\t\t\t\t\t\t\t<\/div>\n\t\t\t\t<\/div>\n\t\t\t\t\t<\/div>\n\t\t\t\t<\/a>\n\t\t<a class=\"elementor-element elementor-element-15f89a6 e-flex e-con-boxed e-con e-child\" data-id=\"15f89a6\" data-element_type=\"container\" data-e-type=\"container\" href=\"https:\/\/nitroerg.pl\/\" target=\"_blank\">\n\t\t\t\t\t<div class=\"e-con-inner\">\n\t\t\t\t<div class=\"elementor-element elementor-element-7b5202b elementor-widget__width-initial elementor-widget elementor-widget-image\" data-id=\"7b5202b\" data-element_type=\"widget\" data-e-type=\"widget\" data-widget_type=\"image.default\">\n\t\t\t\t<div class=\"elementor-widget-container\">\n\t\t\t\t\t\t\t\t\t\t\t\t\t\t\t<img loading=\"lazy\" decoding=\"async\" width=\"400\" height=\"82\" src=\"https:\/\/ipo.lukasiewicz.gov.pl\/wp-content\/uploads\/sites\/31\/2024\/10\/nitroerg-1.jpg\" class=\"attachment-large size-large wp-image-64742\" alt=\"\" srcset=\"https:\/\/ipo.lukasiewicz.gov.pl\/wp-content\/uploads\/sites\/31\/2024\/10\/nitroerg-1.jpg 400w, https:\/\/ipo.lukasiewicz.gov.pl\/wp-content\/uploads\/sites\/31\/2024\/10\/nitroerg-1-300x62.jpg 300w, https:\/\/ipo.lukasiewicz.gov.pl\/wp-content\/uploads\/sites\/31\/2024\/10\/nitroerg-1-24x5.jpg 24w, https:\/\/ipo.lukasiewicz.gov.pl\/wp-content\/uploads\/sites\/31\/2024\/10\/nitroerg-1-36x7.jpg 36w, https:\/\/ipo.lukasiewicz.gov.pl\/wp-content\/uploads\/sites\/31\/2024\/10\/nitroerg-1-48x10.jpg 48w\" sizes=\"(max-width: 400px) 100vw, 400px\" \/>\t\t\t\t\t\t\t\t\t\t\t\t\t\t\t<\/div>\n\t\t\t\t<\/div>\n\t\t\t\t\t<\/div>\n\t\t\t\t<\/a>\n\t\t<a class=\"elementor-element elementor-element-c701e59 e-flex e-con-boxed e-con e-child\" data-id=\"c701e59\" data-element_type=\"container\" data-e-type=\"container\" href=\"https:\/\/www.mesko.com.pl\/\" target=\"_blank\">\n\t\t\t\t\t<div class=\"e-con-inner\">\n\t\t\t\t<div class=\"elementor-element elementor-element-bf3e267 elementor-widget__width-initial elementor-widget elementor-widget-image\" data-id=\"bf3e267\" data-element_type=\"widget\" data-e-type=\"widget\" data-widget_type=\"image.default\">\n\t\t\t\t<div class=\"elementor-widget-container\">\n\t\t\t\t\t\t\t\t\t\t\t\t\t\t\t<img loading=\"lazy\" decoding=\"async\" width=\"145\" height=\"66\" src=\"https:\/\/ipo.lukasiewicz.gov.pl\/wp-content\/uploads\/sites\/31\/2024\/10\/mesko.gif\" class=\"attachment-large size-large wp-image-64767\" alt=\"\" srcset=\"https:\/\/ipo.lukasiewicz.gov.pl\/wp-content\/uploads\/sites\/31\/2024\/10\/mesko.gif 145w, https:\/\/ipo.lukasiewicz.gov.pl\/wp-content\/uploads\/sites\/31\/2024\/10\/mesko-24x11.gif 24w, https:\/\/ipo.lukasiewicz.gov.pl\/wp-content\/uploads\/sites\/31\/2024\/10\/mesko-36x16.gif 36w, https:\/\/ipo.lukasiewicz.gov.pl\/wp-content\/uploads\/sites\/31\/2024\/10\/mesko-48x22.gif 48w\" sizes=\"(max-width: 145px) 100vw, 145px\" \/>\t\t\t\t\t\t\t\t\t\t\t\t\t\t\t<\/div>\n\t\t\t\t<\/div>\n\t\t\t\t\t<\/div>\n\t\t\t\t<\/a>\n\t\t<a class=\"elementor-element elementor-element-25ae5de e-flex e-con-boxed e-con e-child\" data-id=\"25ae5de\" data-element_type=\"container\" data-e-type=\"container\">\n\t\t\t\t\t<div class=\"e-con-inner\">\n\t\t\t\t<div class=\"elementor-element elementor-element-5f4d455 elementor-widget__width-initial elementor-widget elementor-widget-image\" data-id=\"5f4d455\" data-element_type=\"widget\" data-e-type=\"widget\" data-widget_type=\"image.default\">\n\t\t\t\t<div class=\"elementor-widget-container\">\n\t\t\t\t\t\t\t\t\t\t\t\t\t\t\t<img loading=\"lazy\" decoding=\"async\" width=\"348\" height=\"75\" src=\"https:\/\/ipo.lukasiewicz.gov.pl\/wp-content\/uploads\/sites\/31\/2024\/10\/austin.png\" class=\"attachment-large size-large wp-image-64765\" alt=\"\" srcset=\"https:\/\/ipo.lukasiewicz.gov.pl\/wp-content\/uploads\/sites\/31\/2024\/10\/austin.png 348w, https:\/\/ipo.lukasiewicz.gov.pl\/wp-content\/uploads\/sites\/31\/2024\/10\/austin-300x65.png 300w, https:\/\/ipo.lukasiewicz.gov.pl\/wp-content\/uploads\/sites\/31\/2024\/10\/austin-24x5.png 24w, https:\/\/ipo.lukasiewicz.gov.pl\/wp-content\/uploads\/sites\/31\/2024\/10\/austin-36x8.png 36w, https:\/\/ipo.lukasiewicz.gov.pl\/wp-content\/uploads\/sites\/31\/2024\/10\/austin-48x10.png 48w\" sizes=\"(max-width: 348px) 100vw, 348px\" \/>\t\t\t\t\t\t\t\t\t\t\t\t\t\t\t<\/div>\n\t\t\t\t<\/div>\n\t\t\t\t\t<\/div>\n\t\t\t\t<\/a>\n\t\t\t\t\t<\/div>\n\t\t\t\t<\/div>\n\t\t\t\t<div class=\"elementor-element elementor-element-6a9cb80 elementor-widget elementor-widget-heading\" data-id=\"6a9cb80\" data-element_type=\"widget\" data-e-type=\"widget\" data-widget_type=\"heading.default\">\n\t\t\t\t<div class=\"elementor-widget-container\">\n\t\t\t\t\t<h3 class=\"elementor-heading-title elementor-size-default\">Scientific Committee<\/h3>\t\t\t\t<\/div>\n\t\t\t\t<\/div>\n\t\t\t\t<div class=\"elementor-element elementor-element-20dfe1f elementor-widget elementor-widget-text-editor\" data-id=\"20dfe1f\" data-element_type=\"widget\" data-e-type=\"widget\" data-widget_type=\"text-editor.default\">\n\t\t\t\t<div class=\"elementor-widget-container\">\n\t\t\t\t\t\t\t\t\t<p>p\u0142k dr in\u017c. Jacek Borkowski (WITU) <\/p>\n<p>prof. dr hab. in\u017c  Stanis\u0142aw Cudzi\u0142o (WAT)<\/p>\n<p>dr hab. in\u017c  Krzysztof Cybulski, prof. GIG <\/p>\n<p>dr hab. in\u017c  Bogdan Czajka, emerytowany prof. IMN <\/p>\n<p>dr hab. in\u017c  Bogdan Florczak, prof. IPO <\/p>\n<p>prof. dr hab. in\u017c  Zbigniew Kasztelewicz (AGH)<\/p>\n<p>dr hab. in\u017c  Zbigniew Leciejewski, prof. WAT <\/p>\n<p>prof. dr in\u017c. J\u00e1n Lokaj (Slovak University of Technology)<\/p>\n<p>dr hab. in\u017c  Pawe\u0142 Maksimowski (PW)<\/p>\n<p>prof. dr hab. in\u017c  Andrzej Maranda (IPO) &#8211; przewodnicz\u0105cy<\/p>\n<p>prof. dr hab. in\u017c  Wincenty Skupi\u0144ski (PW)<\/p>\n<p>dr in\u017c. Jacek Sobala (GIG)<\/p>\n<p>dr hab. in\u017c  Lech Starczewski, prof. WITPiS <\/p>\n<p>dr in\u017c. Muhamed Suceska (Brodarski Institut)<\/p>\n<p>prof. dr hab. in\u017c  Rados\u0142aw Tr\u0119bi\u0144ski (WAT)<\/p>\n<p>prof. dr hab. in\u017c  Waldemar A. Trzci\u0144ski (WAT)<\/p>\n<p>prof. dr hab. in\u017c  Leszek Wachowski, emerytowany prof. (UAM) <\/p>\n<p>prof. dr hab. in\u017c  Adam Wi\u015bniewski (WITU)<\/p>\n<p>dr hab. in\u017c  Andrzej Wojew\u00f3dka, prof. P\u015al <\/p>\n<p>dr in\u017c. Tomasz Wolszakiewicz (IPO)<\/p>\n<p>dr hab. in\u017c  Robert Zalewski, prof. PW <\/p>\n<p>prof. dr hab. Svatopluk Zeman (University of Pardubice)<\/p>\n\t\t\t\t\t\t\t\t<\/div>\n\t\t\t\t<\/div>\n\t\t\t\t\t<\/div>\n\t\t<\/div>\n\t\t\t\t\t<\/div>\n\t\t<\/section>\n\t\t\t\t<div class=\"elementor-element elementor-element-78f4dddc elementor-widget elementor-widget-spacer\" data-id=\"78f4dddc\" data-element_type=\"widget\" data-e-type=\"widget\" data-widget_type=\"spacer.default\">\n\t\t\t\t<div class=\"elementor-widget-container\">\n\t\t\t\t\t\t\t<div class=\"elementor-spacer\">\n\t\t\t<div class=\"elementor-spacer-inner\"><\/div>\n\t\t<\/div>\n\t\t\t\t\t\t<\/div>\n\t\t\t\t<\/div>\n\t\t\t\t\t<\/div>\n\t\t<\/div>\n\t\t\t\t\t<\/div>\n\t\t<\/section>\n\t\t\t\t<\/div>\n\t\t","protected":false},"excerpt":{"rendered":"<p>XIV Conference IPOEX 2017 On 5-7 June, the 14th IPOEX Scientific Conference 2017 took place, presenting research work and technological solutions for high-energy materials. Program HONORARY PATRONAGE Minister of Science and Higher Education Jaros\u0142aw Gowin Rector-Commander WAT gen. bryg. dr hab. in\u017c. Tadeusz Szczurek prof. dr hab. in\u017c Tadeusz S\u0142omka RECTOR MEDIA PATRONAGE CONFERENCE PARTNER [&hellip;]<\/p>\n","protected":false},"author":178,"featured_media":0,"parent":0,"menu_order":0,"comment_status":"closed","ping_status":"closed","template":"","meta":{"_acf_changed":false,"_seopress_robots_primary_cat":"","_seopress_titles_title":"","_seopress_titles_desc":"","_seopress_robots_index":"","inline_featured_image":false,"footnotes":""},"class_list":["post-68599","page","type-page","status-publish","hentry"],"acf":[],"publishpress_future_action":{"enabled":false,"date":"2026-04-25 06:51:01","action":"change-status","newStatus":"draft","terms":[],"taxonomy":"translation_priority","extraData":[]},"publishpress_future_workflow_manual_trigger":{"enabledWorkflows":[]},"_links":{"self":[{"href":"https:\/\/ipo.lukasiewicz.gov.pl\/en\/wp-json\/wp\/v2\/pages\/68599","targetHints":{"allow":["GET"]}}],"collection":[{"href":"https:\/\/ipo.lukasiewicz.gov.pl\/en\/wp-json\/wp\/v2\/pages"}],"about":[{"href":"https:\/\/ipo.lukasiewicz.gov.pl\/en\/wp-json\/wp\/v2\/types\/page"}],"author":[{"embeddable":true,"href":"https:\/\/ipo.lukasiewicz.gov.pl\/en\/wp-json\/wp\/v2\/users\/178"}],"replies":[{"embeddable":true,"href":"https:\/\/ipo.lukasiewicz.gov.pl\/en\/wp-json\/wp\/v2\/comments?post=68599"}],"version-history":[{"count":1,"href":"https:\/\/ipo.lukasiewicz.gov.pl\/en\/wp-json\/wp\/v2\/pages\/68599\/revisions"}],"predecessor-version":[{"id":68600,"href":"https:\/\/ipo.lukasiewicz.gov.pl\/en\/wp-json\/wp\/v2\/pages\/68599\/revisions\/68600"}],"wp:attachment":[{"href":"https:\/\/ipo.lukasiewicz.gov.pl\/en\/wp-json\/wp\/v2\/media?parent=68599"}],"curies":[{"name":"wp","href":"https:\/\/api.w.org\/{rel}","templated":true}]}}