{"id":68609,"date":"2024-10-07T13:05:46","date_gmt":"2024-10-07T11:05:46","guid":{"rendered":"https:\/\/ipo.lukasiewicz.gov.pl\/ipoex2024-en\/previous-editions-of-the-conference\/xviii-conference-ipoex-2023\/"},"modified":"2024-12-05T15:32:02","modified_gmt":"2024-12-05T14:32:02","slug":"xviii-conference-ipoex-2023","status":"publish","type":"page","link":"https:\/\/ipo.lukasiewicz.gov.pl\/en\/xviii-conference-ipoex-2023\/","title":{"rendered":"XVIII Conference IPOEX 2023"},"content":{"rendered":"\t\t<div data-elementor-type=\"wp-page\" data-elementor-id=\"68609\" class=\"elementor elementor-68609 elementor-64638\" data-elementor-post-type=\"page\">\n\t\t\t\t\t\t<section class=\"elementor-section elementor-top-section elementor-element elementor-element-121a4d7c elementor-section-boxed elementor-section-height-default elementor-section-height-default\" data-id=\"121a4d7c\" data-element_type=\"section\" data-e-type=\"section\">\n\t\t\t\t\t\t<div class=\"elementor-container elementor-column-gap-default\">\n\t\t\t\t\t<div class=\"elementor-column elementor-col-100 elementor-top-column elementor-element elementor-element-44d0394b\" data-id=\"44d0394b\" data-element_type=\"column\" data-e-type=\"column\">\n\t\t\t<div class=\"elementor-widget-wrap elementor-element-populated\">\n\t\t\t\t\t\t<div class=\"elementor-element elementor-element-5da16cb elementor-widget elementor-widget-spacer\" data-id=\"5da16cb\" data-element_type=\"widget\" data-e-type=\"widget\" data-widget_type=\"spacer.default\">\n\t\t\t\t<div class=\"elementor-widget-container\">\n\t\t\t\t\t\t\t<div class=\"elementor-spacer\">\n\t\t\t<div class=\"elementor-spacer-inner\"><\/div>\n\t\t<\/div>\n\t\t\t\t\t\t<\/div>\n\t\t\t\t<\/div>\n\t\t\t\t<section class=\"elementor-section elementor-inner-section elementor-element elementor-element-748f2ca2 elementor-section-boxed elementor-section-height-default elementor-section-height-default\" data-id=\"748f2ca2\" data-element_type=\"section\" data-e-type=\"section\" data-settings=\"{&quot;background_background&quot;:&quot;classic&quot;}\">\n\t\t\t\t\t\t<div class=\"elementor-container elementor-column-gap-default\">\n\t\t\t\t\t<div class=\"elementor-column elementor-col-100 elementor-inner-column elementor-element elementor-element-622d6f58\" data-id=\"622d6f58\" data-element_type=\"column\" data-e-type=\"column\">\n\t\t\t<div class=\"elementor-widget-wrap elementor-element-populated\">\n\t\t\t\t\t\t<div class=\"elementor-element elementor-element-b1e4240 elementor-widget elementor-widget-heading\" data-id=\"b1e4240\" data-element_type=\"widget\" data-e-type=\"widget\" data-widget_type=\"heading.default\">\n\t\t\t\t<div class=\"elementor-widget-container\">\n\t\t\t\t\t<h2 class=\"elementor-heading-title elementor-size-default\">XVIII Conference IPOEX 2023<\/h2>\t\t\t\t<\/div>\n\t\t\t\t<\/div>\n\t\t\t\t<div class=\"elementor-element elementor-element-5cb08273 elementor-widget elementor-widget-text-editor\" data-id=\"5cb08273\" data-element_type=\"widget\" data-e-type=\"widget\" data-widget_type=\"text-editor.default\">\n\t\t\t\t<div class=\"elementor-widget-container\">\n\t\t\t\t\t\t\t\t\t<p>The 18th IPOEX 2023 Scientific Conference took place on 29-31 May and presented research work and technological solutions for high-energy materials.  <\/p>\n\t\t\t\t\t\t\t\t<\/div>\n\t\t\t\t<\/div>\n\t\t\t\t<div class=\"elementor-element elementor-element-85aef15 elementor-widget elementor-widget-button\" data-id=\"85aef15\" data-element_type=\"widget\" data-e-type=\"widget\" data-widget_type=\"button.default\">\n\t\t\t\t<div class=\"elementor-widget-container\">\n\t\t\t\t\t\t\t\t\t<div class=\"elementor-button-wrapper\">\n\t\t\t\t\t<a class=\"elementor-button elementor-button-link elementor-size-sm\" href=\"#\">\n\t\t\t\t\t\t<span class=\"elementor-button-content-wrapper\">\n\t\t\t\t\t\t\t\t\t<span class=\"elementor-button-text\">Program<\/span>\n\t\t\t\t\t<\/span>\n\t\t\t\t\t<\/a>\n\t\t\t\t<\/div>\n\t\t\t\t\t\t\t\t<\/div>\n\t\t\t\t<\/div>\n\t\t\t\t<div class=\"elementor-element elementor-element-5b811a3 elementor-widget elementor-widget-heading\" data-id=\"5b811a3\" data-element_type=\"widget\" data-e-type=\"widget\" data-widget_type=\"heading.default\">\n\t\t\t\t<div class=\"elementor-widget-container\">\n\t\t\t\t\t<h3 class=\"elementor-heading-title elementor-size-default\">HONORARY PATRONAGE<\/h3>\t\t\t\t<\/div>\n\t\t\t\t<\/div>\n\t\t<div class=\"elementor-element elementor-element-05eb8ab e-grid e-con-boxed e-con e-parent\" data-id=\"05eb8ab\" data-element_type=\"container\" data-e-type=\"container\">\n\t\t\t\t\t<div class=\"e-con-inner\">\n\t\t<a class=\"elementor-element elementor-element-01df2ac e-flex e-con-boxed e-con e-child\" data-id=\"01df2ac\" data-element_type=\"container\" data-e-type=\"container\" href=\"https:\/\/www.wug.gov.pl\/\" target=\"_blank\">\n\t\t\t\t\t<div class=\"e-con-inner\">\n\t\t\t\t<div class=\"elementor-element elementor-element-ed38e3f elementor-widget elementor-widget-image\" data-id=\"ed38e3f\" data-element_type=\"widget\" data-e-type=\"widget\" data-widget_type=\"image.default\">\n\t\t\t\t<div class=\"elementor-widget-container\">\n\t\t\t\t\t\t\t\t\t\t\t\t\t\t\t<img decoding=\"async\" width=\"120\" height=\"88\" src=\"https:\/\/ipo.lukasiewicz.gov.pl\/wp-content\/uploads\/sites\/31\/2024\/10\/wug.png\" class=\"attachment-large size-large wp-image-64672\" alt=\"\" srcset=\"https:\/\/ipo.lukasiewicz.gov.pl\/wp-content\/uploads\/sites\/31\/2024\/10\/wug.png 120w, https:\/\/ipo.lukasiewicz.gov.pl\/wp-content\/uploads\/sites\/31\/2024\/10\/wug-24x18.png 24w, https:\/\/ipo.lukasiewicz.gov.pl\/wp-content\/uploads\/sites\/31\/2024\/10\/wug-36x26.png 36w, https:\/\/ipo.lukasiewicz.gov.pl\/wp-content\/uploads\/sites\/31\/2024\/10\/wug-48x35.png 48w\" sizes=\"(max-width: 120px) 100vw, 120px\" \/>\t\t\t\t\t\t\t\t\t\t\t\t\t\t\t<\/div>\n\t\t\t\t<\/div>\n\t\t\t\t<div class=\"elementor-element elementor-element-5f07a40 elementor-widget elementor-widget-heading\" data-id=\"5f07a40\" data-element_type=\"widget\" data-e-type=\"widget\" data-widget_type=\"heading.default\">\n\t\t\t\t<div class=\"elementor-widget-container\">\n\t\t\t\t\t<h5 class=\"elementor-heading-title elementor-size-default\">President of State Mining Authority Adam Mirek<\/h5>\t\t\t\t<\/div>\n\t\t\t\t<\/div>\n\t\t\t\t\t<\/div>\n\t\t\t\t<\/a>\n\t\t<a class=\"elementor-element elementor-element-da35008 e-flex e-con-boxed e-con e-child\" data-id=\"da35008\" data-element_type=\"container\" data-e-type=\"container\" href=\"https:\/\/www.agh.edu.pl\/\" target=\"_blank\">\n\t\t\t\t\t<div class=\"e-con-inner\">\n\t\t\t\t<div class=\"elementor-element elementor-element-a6ff6c1 elementor-widget elementor-widget-image\" data-id=\"a6ff6c1\" data-element_type=\"widget\" data-e-type=\"widget\" data-widget_type=\"image.default\">\n\t\t\t\t<div class=\"elementor-widget-container\">\n\t\t\t\t\t\t\t\t\t\t\t\t\t\t\t<img decoding=\"async\" width=\"100\" height=\"169\" src=\"https:\/\/ipo.lukasiewicz.gov.pl\/wp-content\/uploads\/sites\/31\/2024\/10\/agh.jpg\" class=\"attachment-large size-large wp-image-64659\" alt=\"\" srcset=\"https:\/\/ipo.lukasiewicz.gov.pl\/wp-content\/uploads\/sites\/31\/2024\/10\/agh.jpg 100w, https:\/\/ipo.lukasiewicz.gov.pl\/wp-content\/uploads\/sites\/31\/2024\/10\/agh-14x24.jpg 14w, https:\/\/ipo.lukasiewicz.gov.pl\/wp-content\/uploads\/sites\/31\/2024\/10\/agh-21x36.jpg 21w, https:\/\/ipo.lukasiewicz.gov.pl\/wp-content\/uploads\/sites\/31\/2024\/10\/agh-28x48.jpg 28w\" sizes=\"(max-width: 100px) 100vw, 100px\" \/>\t\t\t\t\t\t\t\t\t\t\t\t\t\t\t<\/div>\n\t\t\t\t<\/div>\n\t\t\t\t<div class=\"elementor-element elementor-element-5071447 elementor-widget elementor-widget-heading\" data-id=\"5071447\" data-element_type=\"widget\" data-e-type=\"widget\" data-widget_type=\"heading.default\">\n\t\t\t\t<div class=\"elementor-widget-container\">\n\t\t\t\t\t<h5 class=\"elementor-heading-title elementor-size-default\">Rector AGH\nprof. dr hab. in\u017c.   Jerzy Lis\n<\/h5>\t\t\t\t<\/div>\n\t\t\t\t<\/div>\n\t\t\t\t\t<\/div>\n\t\t\t\t<\/a>\n\t\t<a class=\"elementor-element elementor-element-c41940b e-flex e-con-boxed e-con e-child\" data-id=\"c41940b\" data-element_type=\"container\" data-e-type=\"container\" href=\"https:\/\/www.polsl.pl\/\" target=\"_blank\">\n\t\t\t\t\t<div class=\"e-con-inner\">\n\t\t\t\t<div class=\"elementor-element elementor-element-22b9110 elementor-widget elementor-widget-image\" data-id=\"22b9110\" data-element_type=\"widget\" data-e-type=\"widget\" data-widget_type=\"image.default\">\n\t\t\t\t<div class=\"elementor-widget-container\">\n\t\t\t\t\t\t\t\t\t\t\t\t\t\t\t<img decoding=\"async\" width=\"100\" height=\"146\" src=\"https:\/\/ipo.lukasiewicz.gov.pl\/wp-content\/uploads\/sites\/31\/2024\/10\/ps.jpg\" class=\"attachment-large size-large wp-image-64668\" alt=\"\" srcset=\"https:\/\/ipo.lukasiewicz.gov.pl\/wp-content\/uploads\/sites\/31\/2024\/10\/ps.jpg 100w, https:\/\/ipo.lukasiewicz.gov.pl\/wp-content\/uploads\/sites\/31\/2024\/10\/ps-16x24.jpg 16w, https:\/\/ipo.lukasiewicz.gov.pl\/wp-content\/uploads\/sites\/31\/2024\/10\/ps-25x36.jpg 25w, https:\/\/ipo.lukasiewicz.gov.pl\/wp-content\/uploads\/sites\/31\/2024\/10\/ps-33x48.jpg 33w\" sizes=\"(max-width: 100px) 100vw, 100px\" \/>\t\t\t\t\t\t\t\t\t\t\t\t\t\t\t<\/div>\n\t\t\t\t<\/div>\n\t\t\t\t<div class=\"elementor-element elementor-element-015995c elementor-widget elementor-widget-heading\" data-id=\"015995c\" data-element_type=\"widget\" data-e-type=\"widget\" data-widget_type=\"heading.default\">\n\t\t\t\t<div class=\"elementor-widget-container\">\n\t\t\t\t\t<h5 class=\"elementor-heading-title elementor-size-default\">Rector\nprof. dr hab. in\u017c.   Arkadiusz M\u0119\u017cyk\n\n<\/h5>\t\t\t\t<\/div>\n\t\t\t\t<\/div>\n\t\t\t\t\t<\/div>\n\t\t\t\t<\/a>\n\t\t\t\t\t<\/div>\n\t\t\t\t<\/div>\n\t\t<div class=\"elementor-element elementor-element-e1f3f2d e-grid e-con-boxed e-con e-parent\" data-id=\"e1f3f2d\" data-element_type=\"container\" data-e-type=\"container\">\n\t\t\t\t\t<div class=\"e-con-inner\">\n\t\t<a class=\"elementor-element elementor-element-5e75f69 e-flex e-con-boxed e-con e-child\" data-id=\"5e75f69\" data-element_type=\"container\" data-e-type=\"container\" href=\"https:\/\/www.wojsko-polskie.pl\/wat\/\" target=\"_blank\">\n\t\t\t\t\t<div class=\"e-con-inner\">\n\t\t\t\t<div class=\"elementor-element elementor-element-7a677b8 elementor-widget__width-initial elementor-widget elementor-widget-image\" data-id=\"7a677b8\" data-element_type=\"widget\" data-e-type=\"widget\" data-widget_type=\"image.default\">\n\t\t\t\t<div class=\"elementor-widget-container\">\n\t\t\t\t\t\t\t\t\t\t\t\t\t\t\t<img loading=\"lazy\" decoding=\"async\" width=\"130\" height=\"82\" src=\"https:\/\/ipo.lukasiewicz.gov.pl\/wp-content\/uploads\/sites\/31\/2024\/10\/wat.jpg\" class=\"attachment-large size-large wp-image-64670\" alt=\"\" srcset=\"https:\/\/ipo.lukasiewicz.gov.pl\/wp-content\/uploads\/sites\/31\/2024\/10\/wat.jpg 130w, https:\/\/ipo.lukasiewicz.gov.pl\/wp-content\/uploads\/sites\/31\/2024\/10\/wat-24x15.jpg 24w, https:\/\/ipo.lukasiewicz.gov.pl\/wp-content\/uploads\/sites\/31\/2024\/10\/wat-36x23.jpg 36w, https:\/\/ipo.lukasiewicz.gov.pl\/wp-content\/uploads\/sites\/31\/2024\/10\/wat-48x30.jpg 48w\" sizes=\"(max-width: 130px) 100vw, 130px\" \/>\t\t\t\t\t\t\t\t\t\t\t\t\t\t\t<\/div>\n\t\t\t\t<\/div>\n\t\t\t\t<div class=\"elementor-element elementor-element-b18c14a elementor-widget elementor-widget-heading\" data-id=\"b18c14a\" data-element_type=\"widget\" data-e-type=\"widget\" data-widget_type=\"heading.default\">\n\t\t\t\t<div class=\"elementor-widget-container\">\n\t\t\t\t\t<h5 class=\"elementor-heading-title elementor-size-default\">Rector-Commander WAT \np\u0142k prof. dr hab. in\u017c.   Przemys\u0142aw Wachulak\n\n<\/h5>\t\t\t\t<\/div>\n\t\t\t\t<\/div>\n\t\t\t\t\t<\/div>\n\t\t\t\t<\/a>\n\t\t<a class=\"elementor-element elementor-element-aff1f71 e-flex e-con-boxed e-con e-child\" data-id=\"aff1f71\" data-element_type=\"container\" data-e-type=\"container\" href=\"https:\/\/gig.eu\/pl\" target=\"_blank\">\n\t\t\t\t\t<div class=\"e-con-inner\">\n\t\t\t\t<div class=\"elementor-element elementor-element-0f6bcfb elementor-widget__width-initial elementor-widget elementor-widget-image\" data-id=\"0f6bcfb\" data-element_type=\"widget\" data-e-type=\"widget\" data-widget_type=\"image.default\">\n\t\t\t\t<div class=\"elementor-widget-container\">\n\t\t\t\t\t\t\t\t\t\t\t\t\t\t\t<img loading=\"lazy\" decoding=\"async\" width=\"110\" height=\"91\" src=\"https:\/\/ipo.lukasiewicz.gov.pl\/wp-content\/uploads\/sites\/31\/2024\/10\/ib.jpg\" class=\"attachment-large size-large wp-image-64663\" alt=\"\" srcset=\"https:\/\/ipo.lukasiewicz.gov.pl\/wp-content\/uploads\/sites\/31\/2024\/10\/ib.jpg 110w, https:\/\/ipo.lukasiewicz.gov.pl\/wp-content\/uploads\/sites\/31\/2024\/10\/ib-24x20.jpg 24w, https:\/\/ipo.lukasiewicz.gov.pl\/wp-content\/uploads\/sites\/31\/2024\/10\/ib-36x30.jpg 36w, https:\/\/ipo.lukasiewicz.gov.pl\/wp-content\/uploads\/sites\/31\/2024\/10\/ib-48x40.jpg 48w\" sizes=\"(max-width: 110px) 100vw, 110px\" \/>\t\t\t\t\t\t\t\t\t\t\t\t\t\t\t<\/div>\n\t\t\t\t<\/div>\n\t\t\t\t<div class=\"elementor-element elementor-element-17950c4 elementor-widget elementor-widget-heading\" data-id=\"17950c4\" data-element_type=\"widget\" data-e-type=\"widget\" data-widget_type=\"heading.default\">\n\t\t\t\t<div class=\"elementor-widget-container\">\n\t\t\t\t\t<h5 class=\"elementor-heading-title elementor-size-default\">Director of Central Mining Institute \nprof. dr hab. in\u017c.   Stanis\u0142aw Prusek\n\n<\/h5>\t\t\t\t<\/div>\n\t\t\t\t<\/div>\n\t\t\t\t\t<\/div>\n\t\t\t\t<\/a>\n\t\t\t\t\t<\/div>\n\t\t\t\t<\/div>\n\t\t\t\t<div class=\"elementor-element elementor-element-5c473fa elementor-widget elementor-widget-heading\" data-id=\"5c473fa\" data-element_type=\"widget\" data-e-type=\"widget\" data-widget_type=\"heading.default\">\n\t\t\t\t<div class=\"elementor-widget-container\">\n\t\t\t\t\t<h3 class=\"elementor-heading-title elementor-size-default\">CONFERENCE PARTNER<\/h3>\t\t\t\t<\/div>\n\t\t\t\t<\/div>\n\t\t<div class=\"elementor-element elementor-element-c69beec e-grid e-con-boxed e-con e-parent\" data-id=\"c69beec\" data-element_type=\"container\" data-e-type=\"container\">\n\t\t\t\t\t<div class=\"e-con-inner\">\n\t\t<div class=\"elementor-element elementor-element-08440f9 e-flex e-con-boxed e-con e-child\" data-id=\"08440f9\" data-element_type=\"container\" data-e-type=\"container\">\n\t\t\t\t\t<div class=\"e-con-inner\">\n\t\t\t\t<div class=\"elementor-element elementor-element-fe52586 elementor-widget__width-initial elementor-widget elementor-widget-image\" data-id=\"fe52586\" data-element_type=\"widget\" data-e-type=\"widget\" data-widget_type=\"image.default\">\n\t\t\t\t<div class=\"elementor-widget-container\">\n\t\t\t\t\t\t\t\t\t\t\t\t\t\t\t<img loading=\"lazy\" decoding=\"async\" width=\"238\" height=\"50\" src=\"https:\/\/ipo.lukasiewicz.gov.pl\/wp-content\/uploads\/sites\/31\/2024\/10\/forcel.jpg\" class=\"attachment-large size-large wp-image-64661\" alt=\"\" srcset=\"https:\/\/ipo.lukasiewicz.gov.pl\/wp-content\/uploads\/sites\/31\/2024\/10\/forcel.jpg 238w, https:\/\/ipo.lukasiewicz.gov.pl\/wp-content\/uploads\/sites\/31\/2024\/10\/forcel-24x5.jpg 24w, https:\/\/ipo.lukasiewicz.gov.pl\/wp-content\/uploads\/sites\/31\/2024\/10\/forcel-36x8.jpg 36w, https:\/\/ipo.lukasiewicz.gov.pl\/wp-content\/uploads\/sites\/31\/2024\/10\/forcel-48x10.jpg 48w\" sizes=\"(max-width: 238px) 100vw, 238px\" \/>\t\t\t\t\t\t\t\t\t\t\t\t\t\t\t<\/div>\n\t\t\t\t<\/div>\n\t\t\t\t\t<\/div>\n\t\t\t\t<\/div>\n\t\t<div class=\"elementor-element elementor-element-15f89a6 e-flex e-con-boxed e-con e-child\" data-id=\"15f89a6\" data-element_type=\"container\" data-e-type=\"container\">\n\t\t\t\t\t<div class=\"e-con-inner\">\n\t\t\t\t<div class=\"elementor-element elementor-element-7b5202b elementor-widget__width-initial elementor-widget elementor-widget-image\" data-id=\"7b5202b\" data-element_type=\"widget\" data-e-type=\"widget\" data-widget_type=\"image.default\">\n\t\t\t\t<div class=\"elementor-widget-container\">\n\t\t\t\t\t\t\t\t\t\t\t\t\t\t\t<img loading=\"lazy\" decoding=\"async\" width=\"112\" height=\"70\" src=\"https:\/\/ipo.lukasiewicz.gov.pl\/wp-content\/uploads\/sites\/31\/2024\/10\/ozm.jpg\" class=\"attachment-large size-large wp-image-64665\" alt=\"\" srcset=\"https:\/\/ipo.lukasiewicz.gov.pl\/wp-content\/uploads\/sites\/31\/2024\/10\/ozm.jpg 112w, https:\/\/ipo.lukasiewicz.gov.pl\/wp-content\/uploads\/sites\/31\/2024\/10\/ozm-24x15.jpg 24w, https:\/\/ipo.lukasiewicz.gov.pl\/wp-content\/uploads\/sites\/31\/2024\/10\/ozm-36x23.jpg 36w, https:\/\/ipo.lukasiewicz.gov.pl\/wp-content\/uploads\/sites\/31\/2024\/10\/ozm-48x30.jpg 48w\" sizes=\"(max-width: 112px) 100vw, 112px\" \/>\t\t\t\t\t\t\t\t\t\t\t\t\t\t\t<\/div>\n\t\t\t\t<\/div>\n\t\t\t\t\t<\/div>\n\t\t\t\t<\/div>\n\t\t\t\t\t<\/div>\n\t\t\t\t<\/div>\n\t\t\t\t<div class=\"elementor-element elementor-element-6a9cb80 elementor-widget elementor-widget-heading\" data-id=\"6a9cb80\" data-element_type=\"widget\" data-e-type=\"widget\" data-widget_type=\"heading.default\">\n\t\t\t\t<div class=\"elementor-widget-container\">\n\t\t\t\t\t<h3 class=\"elementor-heading-title elementor-size-default\">Scientific Committee<\/h3>\t\t\t\t<\/div>\n\t\t\t\t<\/div>\n\t\t\t\t<div class=\"elementor-element elementor-element-20dfe1f elementor-widget elementor-widget-text-editor\" data-id=\"20dfe1f\" data-element_type=\"widget\" data-e-type=\"widget\" data-widget_type=\"text-editor.default\">\n\t\t\t\t<div class=\"elementor-widget-container\">\n\t\t\t\t\t\t\t\t\t<p>dr hab. in\u017c  Rafa\u0142 Bazela (WITU)<\/p>\n<p>dr hab. in\u017c  Andrzej Biessikirski (AGH)<\/p>\n<p>prof. dr hab. in\u017c  Jolanta Biega\u0144ska (AGH)<\/p>\n<p>dr in\u017c. Jacek Borkowski (WITU)<\/p>\n<p>dr hab. in\u017c  Daniel Buczkowski (\u0141UKASIEWICZ \u2013 IPO)<\/p>\n<p>bryg. dr hab. in\u017c.   Bo\u017cena Kukfisz, prof. SGSP <\/p>\n<p>dr hab. in\u017c  Zbigniew Leciejewski, prof. WAT <\/p>\n<p>prof. dr in\u017c. J\u00e1n Lokaj (Slovak University of Technology)<\/p>\n<p>dr hab. in\u017c  Pawe\u0142 Maksimowski, prof. PW <\/p>\n<p>prof. dr hab. in\u017c  Andrzej Maranda (\u0141UKASIEWICZ &#8211; IPO) \u2013 chairman<\/p>\n<p>dr in\u017c. Piotr Mertuszka (KGHM CUPRUM, Centrum Badawczo-Rozwojowe)<\/p>\n<p>prof. Bla\u017eej Pandula (Technical University of Ko\u0161ice),<\/p>\n<p>dr hab. in\u017c  Andrzej Papli\u0144ski, prof. WAT <\/p>\n<p>prof. dr hab. in\u017c  Wincenty Skupi\u0144ski (emerytowany prof. PW)<\/p>\n<p>dr hab. in\u017c  Lech Starczewski, prof. WITPiS <\/p>\n<p>dr hab. in\u017c  Agnieszka Stolarczyk, prof. P\u015al <\/p>\n<p>dr in\u017c. Muhamed Suceska (Brodarski Institut)<\/p>\n<p>dr in\u017c. Mateusz Szala (WAT)<\/p>\n<p>dr hab. in\u017c  Waldemar Tomaszewski, prof. PW <\/p>\n<p>prof. dr hab. in\u017c  Rados\u0142aw Tr\u0119bi\u0144ski (WAT)<\/p>\n<p>prof. dr hab. in\u017c  Waldemar A. Trzci\u0144ski (WAT)<\/p>\n<p>prof. dr hab. Leszek Wachowski, emerytowany prof. UAM <\/p>\n<p>dr Roman Zakusylo (Shostka Institute of Sumy State University)<\/p>\n<p>prof. dr hab. Svatopluk Zeman (University of Pardubice)<\/p>\n\t\t\t\t\t\t\t\t<\/div>\n\t\t\t\t<\/div>\n\t\t\t\t\t<\/div>\n\t\t<\/div>\n\t\t\t\t\t<\/div>\n\t\t<\/section>\n\t\t\t\t<div class=\"elementor-element elementor-element-78f4dddc elementor-widget elementor-widget-spacer\" data-id=\"78f4dddc\" data-element_type=\"widget\" data-e-type=\"widget\" data-widget_type=\"spacer.default\">\n\t\t\t\t<div class=\"elementor-widget-container\">\n\t\t\t\t\t\t\t<div class=\"elementor-spacer\">\n\t\t\t<div class=\"elementor-spacer-inner\"><\/div>\n\t\t<\/div>\n\t\t\t\t\t\t<\/div>\n\t\t\t\t<\/div>\n\t\t\t\t\t<\/div>\n\t\t<\/div>\n\t\t\t\t\t<\/div>\n\t\t<\/section>\n\t\t\t\t<\/div>\n\t\t","protected":false},"excerpt":{"rendered":"<p>XVIII Conference IPOEX 2023 The 18th IPOEX 2023 Scientific Conference took place on 29-31 May and presented research work and technological solutions for high-energy materials. Program HONORARY PATRONAGE President of State Mining Authority Adam Mirek Rector AGH prof. dr hab. in\u017c. Jerzy Lis Rector prof. dr hab. in\u017c. Arkadiusz M\u0119\u017cyk Rector-Commander WAT p\u0142k prof. dr [&hellip;]<\/p>\n","protected":false},"author":178,"featured_media":0,"parent":0,"menu_order":0,"comment_status":"closed","ping_status":"closed","template":"","meta":{"_acf_changed":false,"_seopress_robots_primary_cat":"","_seopress_titles_title":"","_seopress_titles_desc":"","_seopress_robots_index":"","inline_featured_image":false,"footnotes":""},"class_list":["post-68609","page","type-page","status-publish","hentry"],"acf":[],"publishpress_future_action":{"enabled":false,"date":"2026-04-25 12:17:54","action":"change-status","newStatus":"draft","terms":[],"taxonomy":"translation_priority","extraData":[]},"publishpress_future_workflow_manual_trigger":{"enabledWorkflows":[]},"_links":{"self":[{"href":"https:\/\/ipo.lukasiewicz.gov.pl\/en\/wp-json\/wp\/v2\/pages\/68609","targetHints":{"allow":["GET"]}}],"collection":[{"href":"https:\/\/ipo.lukasiewicz.gov.pl\/en\/wp-json\/wp\/v2\/pages"}],"about":[{"href":"https:\/\/ipo.lukasiewicz.gov.pl\/en\/wp-json\/wp\/v2\/types\/page"}],"author":[{"embeddable":true,"href":"https:\/\/ipo.lukasiewicz.gov.pl\/en\/wp-json\/wp\/v2\/users\/178"}],"replies":[{"embeddable":true,"href":"https:\/\/ipo.lukasiewicz.gov.pl\/en\/wp-json\/wp\/v2\/comments?post=68609"}],"version-history":[{"count":1,"href":"https:\/\/ipo.lukasiewicz.gov.pl\/en\/wp-json\/wp\/v2\/pages\/68609\/revisions"}],"predecessor-version":[{"id":68610,"href":"https:\/\/ipo.lukasiewicz.gov.pl\/en\/wp-json\/wp\/v2\/pages\/68609\/revisions\/68610"}],"wp:attachment":[{"href":"https:\/\/ipo.lukasiewicz.gov.pl\/en\/wp-json\/wp\/v2\/media?parent=68609"}],"curies":[{"name":"wp","href":"https:\/\/api.w.org\/{rel}","templated":true}]}}