{"id":68811,"date":"2024-11-13T10:35:45","date_gmt":"2024-11-13T09:35:45","guid":{"rendered":"https:\/\/ipo.lukasiewicz.gov.pl\/nrrp\/"},"modified":"2025-01-20T14:01:14","modified_gmt":"2025-01-20T13:01:14","slug":"nrrp","status":"publish","type":"page","link":"https:\/\/ipo.lukasiewicz.gov.pl\/en\/nrrp\/","title":{"rendered":"NRP"},"content":{"rendered":"\t\t<div data-elementor-type=\"wp-page\" data-elementor-id=\"68811\" class=\"elementor elementor-68811 elementor-66315\" data-elementor-post-type=\"page\">\n\t\t\t\t<div class=\"elementor-element elementor-element-8c21148 e-flex e-con-boxed e-con e-parent\" data-id=\"8c21148\" data-element_type=\"container\" data-e-type=\"container\">\n\t\t\t\t\t<div class=\"e-con-inner\">\n\t\t\t\t<div class=\"elementor-element elementor-element-38c8394 elementor-widget elementor-widget-heading\" data-id=\"38c8394\" data-element_type=\"widget\" data-e-type=\"widget\" data-widget_type=\"heading.default\">\n\t\t\t\t<div class=\"elementor-widget-container\">\n\t\t\t\t\t<h2 class=\"elementor-heading-title elementor-size-default\">Projects implemented with funds NRP<\/h2>\t\t\t\t<\/div>\n\t\t\t\t<\/div>\n\t\t\t\t\t<\/div>\n\t\t\t\t<\/div>\n\t\t<div class=\"elementor-element elementor-element-ee095eb e-flex e-con-boxed e-con e-parent\" data-id=\"ee095eb\" data-element_type=\"container\" data-e-type=\"container\">\n\t\t\t\t\t<div class=\"e-con-inner\">\n\t\t\t\t<div class=\"elementor-element elementor-element-3d2f1cb elementor-widget elementor-widget-image\" data-id=\"3d2f1cb\" data-element_type=\"widget\" data-e-type=\"widget\" data-widget_type=\"image.default\">\n\t\t\t\t<div class=\"elementor-widget-container\">\n\t\t\t\t\t\t\t\t\t\t\t\t\t\t\t<img decoding=\"async\" src=\"https:\/\/ipo.lukasiewicz.gov.pl\/wp-content\/uploads\/sites\/31\/elementor\/thumbs\/8503712-qu75qswhqbsfthgdzw50ur4y53ijptzt3i40t8lzew.jpg\" title=\"_8503712\" alt=\"Na zdj\u0119ciu wida\u0107 prace w laboratorium. D\u0142onie ubrane w r\u0119kawiczki lateksowe obs\u0142uguj\u0105 automatyczna pipet\u0119.\" loading=\"lazy\" \/>\t\t\t\t\t\t\t\t\t\t\t\t\t\t\t<\/div>\n\t\t\t\t<\/div>\n\t\t\t\t<div class=\"elementor-element elementor-element-a34fc1f cut-off-wrapper-90 elementor-widget elementor-widget-text-editor\" data-id=\"a34fc1f\" data-element_type=\"widget\" data-e-type=\"widget\" data-widget_type=\"text-editor.default\">\n\t\t\t\t<div class=\"elementor-widget-container\">\n\t\t\t\t\t\t\t\t\t<p>The \u0141ukasiewicz &#8211; IPO received a financial support of PLN <strong>8 067 892.48<\/strong> from National Recovery Plan for the implementation of the project titled <strong><em>&#8220;Expansion of Competencies of the Center for Sustainable Chemistry and Biotechnology Innovation&#8221;<\/em><\/strong>. Thanks to this support, two highly specialised laboratories will be established to achieve the goals of sustainable chemistry and the chemical industry: <strong>the Mineral Analysis Laboratory <\/strong>and t<strong>he Acoustically Formed Drives Laboratory<\/strong>. <\/p><p><strong>The main goal of the project is to strengthen the institute&#8217;s cooperation with the business sector and to conduct high quality R&amp;D work with high commercialisation potential, contributing to sustainable development and to the protection of the environment. The total value of the project is PLN 11 611 421.80. <\/strong><\/p>\t\t\t\t\t\t\t\t<\/div>\n\t\t\t\t<\/div>\n\t\t\t\t\t<\/div>\n\t\t\t\t<\/div>\n\t\t<div class=\"elementor-element elementor-element-ef448b9 e-flex e-con-boxed e-con e-parent\" data-id=\"ef448b9\" data-element_type=\"container\" data-e-type=\"container\">\n\t\t\t\t\t<div class=\"e-con-inner\">\n\t\t\t\t<div class=\"elementor-element elementor-element-98d3336 elementor-widget elementor-widget-heading\" data-id=\"98d3336\" data-element_type=\"widget\" data-e-type=\"widget\" data-widget_type=\"heading.default\">\n\t\t\t\t<div class=\"elementor-widget-container\">\n\t\t\t\t\t<h2 class=\"elementor-heading-title elementor-size-default\">Benefits of the project implementation:<\/h2>\t\t\t\t<\/div>\n\t\t\t\t<\/div>\n\t\t\t\t<div class=\"elementor-element elementor-element-13ef02d elementor-position-inline-start elementor-view-default elementor-mobile-position-block-start elementor-widget elementor-widget-icon-box\" data-id=\"13ef02d\" data-element_type=\"widget\" data-e-type=\"widget\" data-widget_type=\"icon-box.default\">\n\t\t\t\t<div class=\"elementor-widget-container\">\n\t\t\t\t\t\t\t<div class=\"elementor-icon-box-wrapper\">\n\n\t\t\t\t\t\t<div class=\"elementor-icon-box-icon\">\n\t\t\t\t<span  class=\"elementor-icon\">\n\t\t\t\t<svg aria-hidden=\"true\" class=\"e-font-icon-svg e-fas-arrow-right\" viewBox=\"0 0 448 512\" xmlns=\"http:\/\/www.w3.org\/2000\/svg\"><path d=\"M190.5 66.9l22.2-22.2c9.4-9.4 24.6-9.4 33.9 0L441 239c9.4 9.4 9.4 24.6 0 33.9L246.6 467.3c-9.4 9.4-24.6 9.4-33.9 0l-22.2-22.2c-9.5-9.5-9.3-25 .4-34.3L311.4 296H24c-13.3 0-24-10.7-24-24v-32c0-13.3 10.7-24 24-24h287.4L190.9 101.2c-9.8-9.3-10-24.8-.4-34.3z\"><\/path><\/svg>\t\t\t\t<\/span>\n\t\t\t<\/div>\n\t\t\t\n\t\t\t\t\t\t<div class=\"elementor-icon-box-content\">\n\n\t\t\t\t\n\t\t\t\t\t\t\t\t\t<p class=\"elementor-icon-box-description\">\n\t\t\t\t\t\tThe new research infrastructure allowing for the identification and development of innovative solutions of significant importance to the economy and national security.\t\t\t\t\t<\/p>\n\t\t\t\t\n\t\t\t<\/div>\n\t\t\t\n\t\t<\/div>\n\t\t\t\t\t\t<\/div>\n\t\t\t\t<\/div>\n\t\t\t\t<div class=\"elementor-element elementor-element-39c4d58 elementor-position-inline-start elementor-view-default elementor-mobile-position-block-start elementor-widget elementor-widget-icon-box\" data-id=\"39c4d58\" data-element_type=\"widget\" data-e-type=\"widget\" data-widget_type=\"icon-box.default\">\n\t\t\t\t<div class=\"elementor-widget-container\">\n\t\t\t\t\t\t\t<div class=\"elementor-icon-box-wrapper\">\n\n\t\t\t\t\t\t<div class=\"elementor-icon-box-icon\">\n\t\t\t\t<span  class=\"elementor-icon\">\n\t\t\t\t<svg aria-hidden=\"true\" class=\"e-font-icon-svg e-fas-arrow-right\" viewBox=\"0 0 448 512\" xmlns=\"http:\/\/www.w3.org\/2000\/svg\"><path d=\"M190.5 66.9l22.2-22.2c9.4-9.4 24.6-9.4 33.9 0L441 239c9.4 9.4 9.4 24.6 0 33.9L246.6 467.3c-9.4 9.4-24.6 9.4-33.9 0l-22.2-22.2c-9.5-9.5-9.3-25 .4-34.3L311.4 296H24c-13.3 0-24-10.7-24-24v-32c0-13.3 10.7-24 24-24h287.4L190.9 101.2c-9.8-9.3-10-24.8-.4-34.3z\"><\/path><\/svg>\t\t\t\t<\/span>\n\t\t\t<\/div>\n\t\t\t\n\t\t\t\t\t\t<div class=\"elementor-icon-box-content\">\n\n\t\t\t\t\n\t\t\t\t\t\t\t\t\t<p class=\"elementor-icon-box-description\">\n\t\t\t\t\t\tLaboratories equipped with modern research equipment for comprehensive research studies of new and existing products and technologies in accordance with the requirements of green chemistry.\t\t\t\t\t<\/p>\n\t\t\t\t\n\t\t\t<\/div>\n\t\t\t\n\t\t<\/div>\n\t\t\t\t\t\t<\/div>\n\t\t\t\t<\/div>\n\t\t\t\t<div class=\"elementor-element elementor-element-b690097 elementor-position-inline-start elementor-view-default elementor-mobile-position-block-start elementor-widget elementor-widget-icon-box\" data-id=\"b690097\" data-element_type=\"widget\" data-e-type=\"widget\" data-widget_type=\"icon-box.default\">\n\t\t\t\t<div class=\"elementor-widget-container\">\n\t\t\t\t\t\t\t<div class=\"elementor-icon-box-wrapper\">\n\n\t\t\t\t\t\t<div class=\"elementor-icon-box-icon\">\n\t\t\t\t<span  class=\"elementor-icon\">\n\t\t\t\t<svg aria-hidden=\"true\" class=\"e-font-icon-svg e-fas-arrow-right\" viewBox=\"0 0 448 512\" xmlns=\"http:\/\/www.w3.org\/2000\/svg\"><path d=\"M190.5 66.9l22.2-22.2c9.4-9.4 24.6-9.4 33.9 0L441 239c9.4 9.4 9.4 24.6 0 33.9L246.6 467.3c-9.4 9.4-24.6 9.4-33.9 0l-22.2-22.2c-9.5-9.5-9.3-25 .4-34.3L311.4 296H24c-13.3 0-24-10.7-24-24v-32c0-13.3 10.7-24 24-24h287.4L190.9 101.2c-9.8-9.3-10-24.8-.4-34.3z\"><\/path><\/svg>\t\t\t\t<\/span>\n\t\t\t<\/div>\n\t\t\t\n\t\t\t\t\t\t<div class=\"elementor-icon-box-content\">\n\n\t\t\t\t\n\t\t\t\t\t\t\t\t\t<p class=\"elementor-icon-box-description\">\n\t\t\t\t\t\tAn opportunity for innovative solutions tailored to the real needs of the market, supporting the development and competitiveness of the industry and Polish economy.\t\t\t\t\t<\/p>\n\t\t\t\t\n\t\t\t<\/div>\n\t\t\t\n\t\t<\/div>\n\t\t\t\t\t\t<\/div>\n\t\t\t\t<\/div>\n\t\t\t\t<div class=\"elementor-element elementor-element-1d908f5 elementor-position-inline-start elementor-view-default elementor-mobile-position-block-start elementor-widget elementor-widget-icon-box\" data-id=\"1d908f5\" data-element_type=\"widget\" data-e-type=\"widget\" data-widget_type=\"icon-box.default\">\n\t\t\t\t<div class=\"elementor-widget-container\">\n\t\t\t\t\t\t\t<div class=\"elementor-icon-box-wrapper\">\n\n\t\t\t\t\t\t<div class=\"elementor-icon-box-icon\">\n\t\t\t\t<span  class=\"elementor-icon\">\n\t\t\t\t<svg aria-hidden=\"true\" class=\"e-font-icon-svg e-fas-arrow-right\" viewBox=\"0 0 448 512\" xmlns=\"http:\/\/www.w3.org\/2000\/svg\"><path d=\"M190.5 66.9l22.2-22.2c9.4-9.4 24.6-9.4 33.9 0L441 239c9.4 9.4 9.4 24.6 0 33.9L246.6 467.3c-9.4 9.4-24.6 9.4-33.9 0l-22.2-22.2c-9.5-9.5-9.3-25 .4-34.3L311.4 296H24c-13.3 0-24-10.7-24-24v-32c0-13.3 10.7-24 24-24h287.4L190.9 101.2c-9.8-9.3-10-24.8-.4-34.3z\"><\/path><\/svg>\t\t\t\t<\/span>\n\t\t\t<\/div>\n\t\t\t\n\t\t\t\t\t\t<div class=\"elementor-icon-box-content\">\n\n\t\t\t\t\n\t\t\t\t\t\t\t\t\t<p class=\"elementor-icon-box-description\">\n\t\t\t\t\t\tThe development of research potential in the area of sustainable chemistry and the possibility of implementing research projects and creating more sustainable products and technologies with less environmental impact, as well as influence on improving the quality of life of the society.\t\t\t\t\t<\/p>\n\t\t\t\t\n\t\t\t<\/div>\n\t\t\t\n\t\t<\/div>\n\t\t\t\t\t\t<\/div>\n\t\t\t\t<\/div>\n\t\t\t\t<div class=\"elementor-element elementor-element-181f530 elementor-widget elementor-widget-text-editor\" data-id=\"181f530\" data-element_type=\"widget\" data-e-type=\"widget\" data-widget_type=\"text-editor.default\">\n\t\t\t\t<div class=\"elementor-widget-container\">\n\t\t\t\t\t\t\t\t\t<p>The National Recovery Plan, financed by EU funds, aims to rebuild the development potential of the economy and create sustainable competitiveness for the country.<\/p>\n\t\t\t\t\t\t\t\t<\/div>\n\t\t\t\t<\/div>\n\t\t\t\t<div class=\"elementor-element elementor-element-d88a2b6 elementor-widget elementor-widget-image\" data-id=\"d88a2b6\" data-element_type=\"widget\" data-e-type=\"widget\" data-widget_type=\"image.default\">\n\t\t\t\t<div class=\"elementor-widget-container\">\n\t\t\t\t\t\t\t\t\t\t\t\t\t\t\t<img decoding=\"async\" width=\"580\" height=\"74\" src=\"https:\/\/ipo.lukasiewicz.gov.pl\/wp-content\/uploads\/sites\/31\/2024\/11\/KPO_barwy-RP_NextGenerationEU_poziom_zestawienie_podstawowe_-RGB-1024x131.jpg\" class=\"attachment-large size-large wp-image-66320\" alt=\"Zestawienia z\u0142o\u017conego ze znaku Krajowego Planu Odbudowy,\nbarw Rzeczpospolitej Polskiej oraz znaku NGEU\" srcset=\"https:\/\/ipo.lukasiewicz.gov.pl\/wp-content\/uploads\/sites\/31\/2024\/11\/KPO_barwy-RP_NextGenerationEU_poziom_zestawienie_podstawowe_-RGB-1024x131.jpg 1024w, https:\/\/ipo.lukasiewicz.gov.pl\/wp-content\/uploads\/sites\/31\/2024\/11\/KPO_barwy-RP_NextGenerationEU_poziom_zestawienie_podstawowe_-RGB-300x38.jpg 300w, https:\/\/ipo.lukasiewicz.gov.pl\/wp-content\/uploads\/sites\/31\/2024\/11\/KPO_barwy-RP_NextGenerationEU_poziom_zestawienie_podstawowe_-RGB-768x98.jpg 768w, https:\/\/ipo.lukasiewicz.gov.pl\/wp-content\/uploads\/sites\/31\/2024\/11\/KPO_barwy-RP_NextGenerationEU_poziom_zestawienie_podstawowe_-RGB-1536x197.jpg 1536w, https:\/\/ipo.lukasiewicz.gov.pl\/wp-content\/uploads\/sites\/31\/2024\/11\/KPO_barwy-RP_NextGenerationEU_poziom_zestawienie_podstawowe_-RGB-2048x262.jpg 2048w, https:\/\/ipo.lukasiewicz.gov.pl\/wp-content\/uploads\/sites\/31\/2024\/11\/KPO_barwy-RP_NextGenerationEU_poziom_zestawienie_podstawowe_-RGB-1200x154.jpg 1200w, https:\/\/ipo.lukasiewicz.gov.pl\/wp-content\/uploads\/sites\/31\/2024\/11\/KPO_barwy-RP_NextGenerationEU_poziom_zestawienie_podstawowe_-RGB-1980x254.jpg 1980w, https:\/\/ipo.lukasiewicz.gov.pl\/wp-content\/uploads\/sites\/31\/2024\/11\/KPO_barwy-RP_NextGenerationEU_poziom_zestawienie_podstawowe_-RGB-24x3.jpg 24w, https:\/\/ipo.lukasiewicz.gov.pl\/wp-content\/uploads\/sites\/31\/2024\/11\/KPO_barwy-RP_NextGenerationEU_poziom_zestawienie_podstawowe_-RGB-36x5.jpg 36w, https:\/\/ipo.lukasiewicz.gov.pl\/wp-content\/uploads\/sites\/31\/2024\/11\/KPO_barwy-RP_NextGenerationEU_poziom_zestawienie_podstawowe_-RGB-48x6.jpg 48w\" sizes=\"(max-width: 580px) 100vw, 580px\" \/>\t\t\t\t\t\t\t\t\t\t\t\t\t\t\t<\/div>\n\t\t\t\t<\/div>\n\t\t\t\t\t<\/div>\n\t\t\t\t<\/div>\n\t\t\t\t<\/div>\n\t\t","protected":false},"excerpt":{"rendered":"<p>Projects implemented with funds NRP The \u0141ukasiewicz &#8211; IPO received a financial support of PLN 8 067 892.48 from National Recovery Plan for the implementation of the project titled &#8220;Expansion of Competencies of the Center for Sustainable Chemistry and Biotechnology Innovation&#8221;. Thanks to this support, two highly specialised laboratories will be established to achieve the [&hellip;]<\/p>\n","protected":false},"author":184,"featured_media":0,"parent":0,"menu_order":0,"comment_status":"closed","ping_status":"closed","template":"","meta":{"_acf_changed":false,"_seopress_robots_primary_cat":"","_seopress_titles_title":"","_seopress_titles_desc":"","_seopress_robots_index":"","inline_featured_image":false,"footnotes":""},"class_list":["post-68811","page","type-page","status-publish","hentry"],"acf":[],"publishpress_future_action":{"enabled":false,"date":"2026-04-27 06:11:47","action":"change-status","newStatus":"draft","terms":[],"taxonomy":"translation_priority","extraData":[]},"publishpress_future_workflow_manual_trigger":{"enabledWorkflows":[]},"_links":{"self":[{"href":"https:\/\/ipo.lukasiewicz.gov.pl\/en\/wp-json\/wp\/v2\/pages\/68811","targetHints":{"allow":["GET"]}}],"collection":[{"href":"https:\/\/ipo.lukasiewicz.gov.pl\/en\/wp-json\/wp\/v2\/pages"}],"about":[{"href":"https:\/\/ipo.lukasiewicz.gov.pl\/en\/wp-json\/wp\/v2\/types\/page"}],"author":[{"embeddable":true,"href":"https:\/\/ipo.lukasiewicz.gov.pl\/en\/wp-json\/wp\/v2\/users\/184"}],"replies":[{"embeddable":true,"href":"https:\/\/ipo.lukasiewicz.gov.pl\/en\/wp-json\/wp\/v2\/comments?post=68811"}],"version-history":[{"count":5,"href":"https:\/\/ipo.lukasiewicz.gov.pl\/en\/wp-json\/wp\/v2\/pages\/68811\/revisions"}],"predecessor-version":[{"id":69375,"href":"https:\/\/ipo.lukasiewicz.gov.pl\/en\/wp-json\/wp\/v2\/pages\/68811\/revisions\/69375"}],"wp:attachment":[{"href":"https:\/\/ipo.lukasiewicz.gov.pl\/en\/wp-json\/wp\/v2\/media?parent=68811"}],"curies":[{"name":"wp","href":"https:\/\/api.w.org\/{rel}","templated":true}]}}